{"id":1494,"date":"2021-05-10T16:37:57","date_gmt":"2021-05-10T19:37:57","guid":{"rendered":"https:\/\/gruposeamaster-site.com.br\/ambiental\/?page_id=1494"},"modified":"2021-07-15T18:07:24","modified_gmt":"2021-07-15T21:07:24","slug":"nossos-servicos","status":"publish","type":"page","link":"https:\/\/gruposeamaster-site.com.br\/ambiental\/nossos-servicos\/","title":{"rendered":"Nossos Servi\u00e7os"},"content":{"rendered":"\t\t<div data-elementor-type=\"wp-page\" data-elementor-id=\"1494\" class=\"elementor elementor-1494\" data-elementor-settings=\"[]\">\n\t\t\t<div class=\"elementor-inner\">\n\t\t\t\t<div class=\"elementor-section-wrap\">\n\t\t\t\t\t\t\t<section class=\"elementor-element elementor-element-f8a0239 elementor-section-boxed elementor-section-height-default elementor-section-height-default elementor-section elementor-top-section\" data-id=\"f8a0239\" data-element_type=\"section\" data-settings=\"{&quot;background_background&quot;:&quot;classic&quot;}\">\n\t\t\t\t\t\t<div class=\"elementor-container elementor-column-gap-default\">\n\t\t\t\t<div class=\"elementor-row\">\n\t\t\t\t<div class=\"elementor-element elementor-element-b315512 elementor-column elementor-col-50 elementor-top-column\" data-id=\"b315512\" data-element_type=\"column\">\n\t\t\t<div class=\"elementor-column-wrap  elementor-element-populated\">\n\t\t\t\t\t<div class=\"elementor-widget-wrap\">\n\t\t\t\t<div class=\"elementor-element elementor-element-3a2615d elementor-widget elementor-widget-heading\" data-id=\"3a2615d\" data-element_type=\"widget\" data-widget_type=\"heading.default\">\n\t\t\t\t<div class=\"elementor-widget-container\">\n\t\t\t<h2 class=\"elementor-heading-title elementor-size-default\">GERENCIAMENTO DE RES\u00cdDUOS<\/h2>\t\t<\/div>\n\t\t\t\t<\/div>\n\t\t\t\t<div class=\"elementor-element elementor-element-17ba0ef elementor-widget elementor-widget-text-editor\" data-id=\"17ba0ef\" data-element_type=\"widget\" data-widget_type=\"text-editor.default\">\n\t\t\t\t<div class=\"elementor-widget-container\">\n\t\t\t\t\t<div class=\"elementor-text-editor elementor-clearfix\"><p>Realizamos todo o gerenciamento de res\u00edduos de forma integrada, cuidamos desde a prepara\u00e7\u00e3o da coleta at\u00e9 a destina\u00e7\u00e3o final dos mais variados tipos de res\u00edduos. Garantindo a rastreabilidade dos res\u00edduos do in\u00edcio ao fim do processo, com toda a comprova\u00e7\u00e3o documental.<\/p><\/div>\n\t\t\t\t<\/div>\n\t\t\t\t<\/div>\n\t\t\t\t\t\t<\/div>\n\t\t\t<\/div>\n\t\t<\/div>\n\t\t\t\t<div class=\"elementor-element elementor-element-dd0c120 elementor-column elementor-col-50 elementor-top-column\" data-id=\"dd0c120\" data-element_type=\"column\">\n\t\t\t<div class=\"elementor-column-wrap  elementor-element-populated\">\n\t\t\t\t\t<div class=\"elementor-widget-wrap\">\n\t\t\t\t<div class=\"elementor-element elementor-element-96ad534 elementor-widget elementor-widget-image\" data-id=\"96ad534\" data-element_type=\"widget\" data-widget_type=\"image.default\">\n\t\t\t\t<div class=\"elementor-widget-container\">\n\t\t\t\t\t<div class=\"elementor-image\">\n\t\t\t\t\t\t\t\t\t\t<img width=\"640\" height=\"427\" src=\"https:\/\/gruposeamaster-site.com.br\/ambiental\/wp-content\/uploads\/2021\/07\/10-1024x683.jpg\" class=\"attachment-large size-large\" alt=\"\" loading=\"lazy\" srcset=\"https:\/\/gruposeamaster-site.com.br\/ambiental\/wp-content\/uploads\/2021\/07\/10-1024x683.jpg 1024w, https:\/\/gruposeamaster-site.com.br\/ambiental\/wp-content\/uploads\/2021\/07\/10-300x200.jpg 300w, https:\/\/gruposeamaster-site.com.br\/ambiental\/wp-content\/uploads\/2021\/07\/10-768x512.jpg 768w, https:\/\/gruposeamaster-site.com.br\/ambiental\/wp-content\/uploads\/2021\/07\/10.jpg 1200w\" sizes=\"(max-width: 640px) 100vw, 640px\" \/>\t\t\t\t\t\t\t\t\t\t\t<\/div>\n\t\t\t\t<\/div>\n\t\t\t\t<\/div>\n\t\t\t\t\t\t<\/div>\n\t\t\t<\/div>\n\t\t<\/div>\n\t\t\t\t\t\t<\/div>\n\t\t\t<\/div>\n\t\t<\/section>\n\t\t\t\t<section class=\"elementor-element elementor-element-e01dae4 elementor-section-boxed elementor-section-height-default elementor-section-height-default elementor-section elementor-top-section\" data-id=\"e01dae4\" data-element_type=\"section\" data-settings=\"{&quot;background_background&quot;:&quot;classic&quot;}\">\n\t\t\t\t\t\t<div class=\"elementor-container elementor-column-gap-default\">\n\t\t\t\t<div class=\"elementor-row\">\n\t\t\t\t<div class=\"elementor-element elementor-element-231c308 elementor-column elementor-col-50 elementor-top-column\" data-id=\"231c308\" data-element_type=\"column\">\n\t\t\t<div class=\"elementor-column-wrap  elementor-element-populated\">\n\t\t\t\t\t<div class=\"elementor-widget-wrap\">\n\t\t\t\t<div class=\"elementor-element elementor-element-d47724f elementor-widget elementor-widget-image\" data-id=\"d47724f\" data-element_type=\"widget\" data-widget_type=\"image.default\">\n\t\t\t\t<div class=\"elementor-widget-container\">\n\t\t\t\t\t<div class=\"elementor-image\">\n\t\t\t\t\t\t\t\t\t\t<img width=\"480\" height=\"409\" src=\"https:\/\/gruposeamaster-site.com.br\/ambiental\/wp-content\/uploads\/2021\/07\/11-1.jpg\" class=\"attachment-large size-large\" alt=\"\" loading=\"lazy\" srcset=\"https:\/\/gruposeamaster-site.com.br\/ambiental\/wp-content\/uploads\/2021\/07\/11-1.jpg 480w, https:\/\/gruposeamaster-site.com.br\/ambiental\/wp-content\/uploads\/2021\/07\/11-1-300x256.jpg 300w\" sizes=\"(max-width: 480px) 100vw, 480px\" \/>\t\t\t\t\t\t\t\t\t\t\t<\/div>\n\t\t\t\t<\/div>\n\t\t\t\t<\/div>\n\t\t\t\t\t\t<\/div>\n\t\t\t<\/div>\n\t\t<\/div>\n\t\t\t\t<div class=\"elementor-element elementor-element-0feca20 elementor-column elementor-col-50 elementor-top-column\" data-id=\"0feca20\" data-element_type=\"column\">\n\t\t\t<div class=\"elementor-column-wrap  elementor-element-populated\">\n\t\t\t\t\t<div class=\"elementor-widget-wrap\">\n\t\t\t\t<div class=\"elementor-element elementor-element-e99d0c0 elementor-widget elementor-widget-heading\" data-id=\"e99d0c0\" data-element_type=\"widget\" data-widget_type=\"heading.default\">\n\t\t\t\t<div class=\"elementor-widget-container\">\n\t\t\t<h2 class=\"elementor-heading-title elementor-size-default\">LIMPEZAS T\u00c9CNICAS DE FACILITIES<\/h2>\t\t<\/div>\n\t\t\t\t<\/div>\n\t\t\t\t<div class=\"elementor-element elementor-element-8b9cd2d elementor-widget elementor-widget-text-editor\" data-id=\"8b9cd2d\" data-element_type=\"widget\" data-widget_type=\"text-editor.default\">\n\t\t\t\t<div class=\"elementor-widget-container\">\n\t\t\t\t\t<div class=\"elementor-text-editor elementor-clearfix\"><p>Conte com a nossa equipe altamente capacitada para servi\u00e7os em espa\u00e7o confinado, movimenta\u00e7\u00e3o de cargas e trabalho em altura.<\/p><p>Com equipamentos diversificados para limpezas como desincrusta\u00e7\u00f5es, desobstru\u00e7\u00f5es, hidrojateamentos e suc\u00e7\u00f5es de sistema hidrossanit\u00e1rios, dutos e canaletas de drenagem, tanques, silos e demais instala\u00e7\u00f5es.<\/p><\/div>\n\t\t\t\t<\/div>\n\t\t\t\t<\/div>\n\t\t\t\t\t\t<\/div>\n\t\t\t<\/div>\n\t\t<\/div>\n\t\t\t\t\t\t<\/div>\n\t\t\t<\/div>\n\t\t<\/section>\n\t\t\t\t<section class=\"elementor-element elementor-element-64e1757 elementor-section-boxed elementor-section-height-default elementor-section-height-default elementor-section elementor-top-section\" data-id=\"64e1757\" data-element_type=\"section\" data-settings=\"{&quot;background_background&quot;:&quot;classic&quot;}\">\n\t\t\t\t\t\t<div class=\"elementor-container elementor-column-gap-default\">\n\t\t\t\t<div class=\"elementor-row\">\n\t\t\t\t<div class=\"elementor-element elementor-element-7636c2f elementor-column elementor-col-50 elementor-top-column\" data-id=\"7636c2f\" data-element_type=\"column\">\n\t\t\t<div class=\"elementor-column-wrap  elementor-element-populated\">\n\t\t\t\t\t<div class=\"elementor-widget-wrap\">\n\t\t\t\t<div class=\"elementor-element elementor-element-cdeeb1b elementor-widget elementor-widget-heading\" data-id=\"cdeeb1b\" data-element_type=\"widget\" data-widget_type=\"heading.default\">\n\t\t\t\t<div class=\"elementor-widget-container\">\n\t\t\t<h2 class=\"elementor-heading-title elementor-size-default\">CERCOS PREVENTIVOS<\/h2>\t\t<\/div>\n\t\t\t\t<\/div>\n\t\t\t\t<div class=\"elementor-element elementor-element-f440c09 elementor-widget elementor-widget-text-editor\" data-id=\"f440c09\" data-element_type=\"widget\" data-widget_type=\"text-editor.default\">\n\t\t\t\t<div class=\"elementor-widget-container\">\n\t\t\t\t\t<div class=\"elementor-text-editor elementor-clearfix\"><p>Oferecemos instala\u00e7\u00e3o de barreiras de conten\u00e7\u00e3o para cercos preventivos em opera\u00e7\u00f5es offshore e \u00e1reas portu\u00e1rias, garantindo seguran\u00e7a e resposta r\u00e1pida e bem-sucedida em caso de vazamentos de res\u00edduos.<\/p><\/div>\n\t\t\t\t<\/div>\n\t\t\t\t<\/div>\n\t\t\t\t\t\t<\/div>\n\t\t\t<\/div>\n\t\t<\/div>\n\t\t\t\t<div class=\"elementor-element elementor-element-1ab5e64 elementor-column elementor-col-50 elementor-top-column\" data-id=\"1ab5e64\" data-element_type=\"column\">\n\t\t\t<div class=\"elementor-column-wrap  elementor-element-populated\">\n\t\t\t\t\t<div class=\"elementor-widget-wrap\">\n\t\t\t\t<div class=\"elementor-element elementor-element-390be1a elementor-widget elementor-widget-image\" data-id=\"390be1a\" data-element_type=\"widget\" data-widget_type=\"image.default\">\n\t\t\t\t<div class=\"elementor-widget-container\">\n\t\t\t\t\t<div class=\"elementor-image\">\n\t\t\t\t\t\t\t\t\t\t<img width=\"640\" height=\"279\" src=\"https:\/\/gruposeamaster-site.com.br\/ambiental\/wp-content\/uploads\/2021\/07\/12-1.jpg\" class=\"attachment-large size-large\" alt=\"\" loading=\"lazy\" srcset=\"https:\/\/gruposeamaster-site.com.br\/ambiental\/wp-content\/uploads\/2021\/07\/12-1.jpg 640w, https:\/\/gruposeamaster-site.com.br\/ambiental\/wp-content\/uploads\/2021\/07\/12-1-300x131.jpg 300w\" sizes=\"(max-width: 640px) 100vw, 640px\" \/>\t\t\t\t\t\t\t\t\t\t\t<\/div>\n\t\t\t\t<\/div>\n\t\t\t\t<\/div>\n\t\t\t\t\t\t<\/div>\n\t\t\t<\/div>\n\t\t<\/div>\n\t\t\t\t\t\t<\/div>\n\t\t\t<\/div>\n\t\t<\/section>\n\t\t\t\t<section class=\"elementor-element elementor-element-e4968f8 elementor-section-boxed elementor-section-height-default elementor-section-height-default elementor-section elementor-top-section\" data-id=\"e4968f8\" data-element_type=\"section\" data-settings=\"{&quot;background_background&quot;:&quot;classic&quot;}\">\n\t\t\t\t\t\t<div class=\"elementor-container elementor-column-gap-default\">\n\t\t\t\t<div class=\"elementor-row\">\n\t\t\t\t<div class=\"elementor-element elementor-element-711f105 elementor-column elementor-col-50 elementor-top-column\" data-id=\"711f105\" data-element_type=\"column\">\n\t\t\t<div class=\"elementor-column-wrap  elementor-element-populated\">\n\t\t\t\t\t<div class=\"elementor-widget-wrap\">\n\t\t\t\t<div class=\"elementor-element elementor-element-5d76d99 elementor-widget elementor-widget-image\" data-id=\"5d76d99\" data-element_type=\"widget\" data-widget_type=\"image.default\">\n\t\t\t\t<div class=\"elementor-widget-container\">\n\t\t\t\t\t<div class=\"elementor-image\">\n\t\t\t\t\t\t\t\t\t\t<img width=\"640\" height=\"321\" src=\"https:\/\/gruposeamaster-site.com.br\/ambiental\/wp-content\/uploads\/2021\/07\/13-1.jpg\" class=\"attachment-large size-large\" alt=\"\" loading=\"lazy\" srcset=\"https:\/\/gruposeamaster-site.com.br\/ambiental\/wp-content\/uploads\/2021\/07\/13-1.jpg 640w, https:\/\/gruposeamaster-site.com.br\/ambiental\/wp-content\/uploads\/2021\/07\/13-1-300x150.jpg 300w\" sizes=\"(max-width: 640px) 100vw, 640px\" \/>\t\t\t\t\t\t\t\t\t\t\t<\/div>\n\t\t\t\t<\/div>\n\t\t\t\t<\/div>\n\t\t\t\t\t\t<\/div>\n\t\t\t<\/div>\n\t\t<\/div>\n\t\t\t\t<div class=\"elementor-element elementor-element-41c16ad elementor-column elementor-col-50 elementor-top-column\" data-id=\"41c16ad\" data-element_type=\"column\">\n\t\t\t<div class=\"elementor-column-wrap  elementor-element-populated\">\n\t\t\t\t\t<div class=\"elementor-widget-wrap\">\n\t\t\t\t<div class=\"elementor-element elementor-element-c0a6e9b elementor-widget elementor-widget-heading\" data-id=\"c0a6e9b\" data-element_type=\"widget\" data-widget_type=\"heading.default\">\n\t\t\t\t<div class=\"elementor-widget-container\">\n\t\t\t<h2 class=\"elementor-heading-title elementor-size-default\">LOCA\u00c7\u00c3O DE EQUIPAMENTOS<\/h2>\t\t<\/div>\n\t\t\t\t<\/div>\n\t\t\t\t<div class=\"elementor-element elementor-element-3af0877 elementor-widget elementor-widget-text-editor\" data-id=\"3af0877\" data-element_type=\"widget\" data-widget_type=\"text-editor.default\">\n\t\t\t\t<div class=\"elementor-widget-container\">\n\t\t\t\t\t<div class=\"elementor-text-editor elementor-clearfix\"><p>Disponibiliza\u00e7\u00e3o de caixas estacion\u00e1rias de 3 e 5m\u00b3 e ca\u00e7ambas Rolon Rolof para loca\u00e7\u00e3o, todas com garantia de estanqueidade.<\/p><\/div>\n\t\t\t\t<\/div>\n\t\t\t\t<\/div>\n\t\t\t\t\t\t<\/div>\n\t\t\t<\/div>\n\t\t<\/div>\n\t\t\t\t\t\t<\/div>\n\t\t\t<\/div>\n\t\t<\/section>\n\t\t\t\t<section class=\"elementor-element elementor-element-b3f674d elementor-section-boxed elementor-section-height-default elementor-section-height-default elementor-section elementor-top-section\" data-id=\"b3f674d\" data-element_type=\"section\" data-settings=\"{&quot;background_background&quot;:&quot;classic&quot;}\">\n\t\t\t\t\t\t<div class=\"elementor-container elementor-column-gap-default\">\n\t\t\t\t<div class=\"elementor-row\">\n\t\t\t\t<div class=\"elementor-element elementor-element-11bc46e elementor-column elementor-col-50 elementor-top-column\" data-id=\"11bc46e\" data-element_type=\"column\">\n\t\t\t<div class=\"elementor-column-wrap  elementor-element-populated\">\n\t\t\t\t\t<div class=\"elementor-widget-wrap\">\n\t\t\t\t<div class=\"elementor-element elementor-element-bc91783 elementor-widget elementor-widget-heading\" data-id=\"bc91783\" data-element_type=\"widget\" data-widget_type=\"heading.default\">\n\t\t\t\t<div class=\"elementor-widget-container\">\n\t\t\t<h2 class=\"elementor-heading-title elementor-size-default\">EMERG\u00caNCIA AMBIENTAL<\/h2>\t\t<\/div>\n\t\t\t\t<\/div>\n\t\t\t\t<div class=\"elementor-element elementor-element-db2574e elementor-widget elementor-widget-text-editor\" data-id=\"db2574e\" data-element_type=\"widget\" data-widget_type=\"text-editor.default\">\n\t\t\t\t<div class=\"elementor-widget-container\">\n\t\t\t\t\t<div class=\"elementor-text-editor elementor-clearfix\"><p>Dispomos de equipe treinada e equipamentos espec\u00edficos em prontid\u00e3o ambiental para atendimento a emerg\u00eancias ambientais em ambiente terrestre e mar\u00edtimo.<\/p><\/div>\n\t\t\t\t<\/div>\n\t\t\t\t<\/div>\n\t\t\t\t\t\t<\/div>\n\t\t\t<\/div>\n\t\t<\/div>\n\t\t\t\t<div class=\"elementor-element elementor-element-ca70995 elementor-column elementor-col-50 elementor-top-column\" data-id=\"ca70995\" data-element_type=\"column\">\n\t\t\t<div class=\"elementor-column-wrap  elementor-element-populated\">\n\t\t\t\t\t<div class=\"elementor-widget-wrap\">\n\t\t\t\t<div class=\"elementor-element elementor-element-9815471 elementor-widget elementor-widget-image\" data-id=\"9815471\" data-element_type=\"widget\" data-widget_type=\"image.default\">\n\t\t\t\t<div class=\"elementor-widget-container\">\n\t\t\t\t\t<div class=\"elementor-image\">\n\t\t\t\t\t\t\t\t\t\t<img width=\"640\" height=\"445\" src=\"https:\/\/gruposeamaster-site.com.br\/ambiental\/wp-content\/uploads\/2021\/07\/14-1.jpeg\" class=\"attachment-large size-large\" alt=\"\" loading=\"lazy\" srcset=\"https:\/\/gruposeamaster-site.com.br\/ambiental\/wp-content\/uploads\/2021\/07\/14-1.jpeg 958w, https:\/\/gruposeamaster-site.com.br\/ambiental\/wp-content\/uploads\/2021\/07\/14-1-300x209.jpeg 300w, https:\/\/gruposeamaster-site.com.br\/ambiental\/wp-content\/uploads\/2021\/07\/14-1-768x534.jpeg 768w\" sizes=\"(max-width: 640px) 100vw, 640px\" \/>\t\t\t\t\t\t\t\t\t\t\t<\/div>\n\t\t\t\t<\/div>\n\t\t\t\t<\/div>\n\t\t\t\t\t\t<\/div>\n\t\t\t<\/div>\n\t\t<\/div>\n\t\t\t\t\t\t<\/div>\n\t\t\t<\/div>\n\t\t<\/section>\n\t\t\t\t<section class=\"elementor-element elementor-element-e10a32d elementor-section-boxed elementor-section-height-default elementor-section-height-default elementor-section elementor-top-section\" data-id=\"e10a32d\" data-element_type=\"section\" data-settings=\"{&quot;background_background&quot;:&quot;classic&quot;}\">\n\t\t\t\t\t\t<div class=\"elementor-container elementor-column-gap-default\">\n\t\t\t\t<div class=\"elementor-row\">\n\t\t\t\t<div class=\"elementor-element elementor-element-4f25761 elementor-column elementor-col-50 elementor-top-column\" data-id=\"4f25761\" data-element_type=\"column\">\n\t\t\t<div class=\"elementor-column-wrap  elementor-element-populated\">\n\t\t\t\t\t<div class=\"elementor-widget-wrap\">\n\t\t\t\t<div class=\"elementor-element elementor-element-d665b0f elementor-widget elementor-widget-image\" data-id=\"d665b0f\" data-element_type=\"widget\" data-widget_type=\"image.default\">\n\t\t\t\t<div class=\"elementor-widget-container\">\n\t\t\t\t\t<div class=\"elementor-image\">\n\t\t\t\t\t\t\t\t\t\t<img width=\"640\" height=\"427\" src=\"https:\/\/gruposeamaster-site.com.br\/ambiental\/wp-content\/uploads\/2021\/07\/15-2-1024x683.jpg\" class=\"attachment-large size-large\" alt=\"\" loading=\"lazy\" srcset=\"https:\/\/gruposeamaster-site.com.br\/ambiental\/wp-content\/uploads\/2021\/07\/15-2-1024x683.jpg 1024w, https:\/\/gruposeamaster-site.com.br\/ambiental\/wp-content\/uploads\/2021\/07\/15-2-300x200.jpg 300w, https:\/\/gruposeamaster-site.com.br\/ambiental\/wp-content\/uploads\/2021\/07\/15-2-768x512.jpg 768w, https:\/\/gruposeamaster-site.com.br\/ambiental\/wp-content\/uploads\/2021\/07\/15-2.jpg 1200w\" sizes=\"(max-width: 640px) 100vw, 640px\" \/>\t\t\t\t\t\t\t\t\t\t\t<\/div>\n\t\t\t\t<\/div>\n\t\t\t\t<\/div>\n\t\t\t\t\t\t<\/div>\n\t\t\t<\/div>\n\t\t<\/div>\n\t\t\t\t<div class=\"elementor-element elementor-element-ba9f264 elementor-column elementor-col-50 elementor-top-column\" data-id=\"ba9f264\" data-element_type=\"column\">\n\t\t\t<div class=\"elementor-column-wrap  elementor-element-populated\">\n\t\t\t\t\t<div class=\"elementor-widget-wrap\">\n\t\t\t\t<div class=\"elementor-element elementor-element-622bf21 elementor-widget elementor-widget-heading\" data-id=\"622bf21\" data-element_type=\"widget\" data-widget_type=\"heading.default\">\n\t\t\t\t<div class=\"elementor-widget-container\">\n\t\t\t<h2 class=\"elementor-heading-title elementor-size-default\">PROJETOS E EDUCA\u00c7\u00c3O AMBIENTAL<\/h2>\t\t<\/div>\n\t\t\t\t<\/div>\n\t\t\t\t<div class=\"elementor-element elementor-element-8dfa3ea elementor-widget elementor-widget-text-editor\" data-id=\"8dfa3ea\" data-element_type=\"widget\" data-widget_type=\"text-editor.default\">\n\t\t\t\t<div class=\"elementor-widget-container\">\n\t\t\t\t\t<div class=\"elementor-text-editor elementor-clearfix\"><p>Atuamos em parceria com outras entidades em projetos de educa\u00e7\u00e3o ambiental. Al\u00e9m disso, temos expertise para prestar assessoria para documenta\u00e7\u00f5es ambientais e a\u00e7\u00f5es para promo\u00e7\u00e3o da educa\u00e7\u00e3o ambiental, seja entre colaboradores, estudantes e sociedade em geral.<\/p><\/div>\n\t\t\t\t<\/div>\n\t\t\t\t<\/div>\n\t\t\t\t\t\t<\/div>\n\t\t\t<\/div>\n\t\t<\/div>\n\t\t\t\t\t\t<\/div>\n\t\t\t<\/div>\n\t\t<\/section>\n\t\t\t\t\t\t<\/div>\n\t\t\t<\/div>\n\t\t<\/div>\n\t\t","protected":false},"excerpt":{"rendered":"<p>GERENCIAMENTO DE RES\u00cdDUOS Realizamos todo o gerenciamento de res\u00edduos de forma integrada, cuidamos desde a prepara\u00e7\u00e3o da coleta at\u00e9 a destina\u00e7\u00e3o final dos mais variados tipos de res\u00edduos. Garantindo a rastreabilidade dos res\u00edduos do in\u00edcio ao fim do processo, com toda a comprova\u00e7\u00e3o documental. LIMPEZAS T\u00c9CNICAS DE FACILITIES Conte com a nossa equipe altamente capacitada<\/p>\n","protected":false},"author":1,"featured_media":0,"parent":0,"menu_order":0,"comment_status":"closed","ping_status":"closed","template":"","meta":[],"_links":{"self":[{"href":"https:\/\/gruposeamaster-site.com.br\/ambiental\/wp-json\/wp\/v2\/pages\/1494"}],"collection":[{"href":"https:\/\/gruposeamaster-site.com.br\/ambiental\/wp-json\/wp\/v2\/pages"}],"about":[{"href":"https:\/\/gruposeamaster-site.com.br\/ambiental\/wp-json\/wp\/v2\/types\/page"}],"author":[{"embeddable":true,"href":"https:\/\/gruposeamaster-site.com.br\/ambiental\/wp-json\/wp\/v2\/users\/1"}],"replies":[{"embeddable":true,"href":"https:\/\/gruposeamaster-site.com.br\/ambiental\/wp-json\/wp\/v2\/comments?post=1494"}],"version-history":[{"count":13,"href":"https:\/\/gruposeamaster-site.com.br\/ambiental\/wp-json\/wp\/v2\/pages\/1494\/revisions"}],"predecessor-version":[{"id":1865,"href":"https:\/\/gruposeamaster-site.com.br\/ambiental\/wp-json\/wp\/v2\/pages\/1494\/revisions\/1865"}],"wp:attachment":[{"href":"https:\/\/gruposeamaster-site.com.br\/ambiental\/wp-json\/wp\/v2\/media?parent=1494"}],"curies":[{"name":"wp","href":"https:\/\/api.w.org\/{rel}","templated":true}]}}