{"id":1591,"date":"2021-05-10T17:05:09","date_gmt":"2021-05-10T20:05:09","guid":{"rendered":"https:\/\/gruposeamaster-site.com.br\/ambiental\/?page_id=1591"},"modified":"2021-07-15T12:58:01","modified_gmt":"2021-07-15T15:58:01","slug":"nossas-licencas","status":"publish","type":"page","link":"https:\/\/gruposeamaster-site.com.br\/ambiental\/nossas-licencas\/","title":{"rendered":"Nossas Licen\u00e7as"},"content":{"rendered":"\t\t<div data-elementor-type=\"wp-page\" data-elementor-id=\"1591\" class=\"elementor elementor-1591\" data-elementor-settings=\"[]\">\n\t\t\t<div class=\"elementor-inner\">\n\t\t\t\t<div class=\"elementor-section-wrap\">\n\t\t\t\t\t\t\t<section class=\"elementor-element elementor-element-f8a0239 elementor-section-boxed elementor-section-height-default elementor-section-height-default elementor-section elementor-top-section\" data-id=\"f8a0239\" data-element_type=\"section\" data-settings=\"{&quot;background_background&quot;:&quot;classic&quot;}\">\n\t\t\t\t\t\t<div class=\"elementor-container elementor-column-gap-default\">\n\t\t\t\t<div class=\"elementor-row\">\n\t\t\t\t<div class=\"elementor-element elementor-element-b315512 elementor-column elementor-col-50 elementor-top-column\" data-id=\"b315512\" data-element_type=\"column\">\n\t\t\t<div class=\"elementor-column-wrap  elementor-element-populated\">\n\t\t\t\t\t<div class=\"elementor-widget-wrap\">\n\t\t\t\t<div class=\"elementor-element elementor-element-3a2615d elementor-widget elementor-widget-heading\" data-id=\"3a2615d\" data-element_type=\"widget\" data-widget_type=\"heading.default\">\n\t\t\t\t<div class=\"elementor-widget-container\">\n\t\t\t<h2 class=\"elementor-heading-title elementor-size-default\">NOSSAS LICEN\u00c7AS<\/h2>\t\t<\/div>\n\t\t\t\t<\/div>\n\t\t\t\t<div class=\"elementor-element elementor-element-17ba0ef elementor-widget elementor-widget-text-editor\" data-id=\"17ba0ef\" data-element_type=\"widget\" data-widget_type=\"text-editor.default\">\n\t\t\t\t<div class=\"elementor-widget-container\">\n\t\t\t\t\t<div class=\"elementor-text-editor elementor-clearfix\"><ul>\n \t<li style=\"list-style-type: none;\">\n<ul>\n \t<li>Autoriza\u00e7\u00e3o de funcionamento de empresa em \u00e1reas de portos, aeroportos e fronteira \u2013 ANVISA<\/li>\n<\/ul>\n<\/li>\n<\/ul>\n&nbsp;\n<ul>\n \t<li style=\"list-style-type: none;\">\n<ul>\n \t<li>Coleta e Transporte de L\u00edquidos e Semi-S\u00f3lidos e Esgoto &#8211; IEMA<\/li>\n<\/ul>\n<\/li>\n<\/ul>\n&nbsp;\n<ul>\n \t<li style=\"list-style-type: none;\">\n<ul>\n \t<li>Coleta e Transporte de Res\u00edduos N\u00e3o Perigosos e Lama Abrasiva &#8211; IEMA<\/li>\n<\/ul>\n<\/li>\n<\/ul>\n&nbsp;\n<ul>\n \t<li style=\"list-style-type: none;\">\n<ul>\n \t<li>Coleta e Transporte de Res\u00edduos de Sa\u00fade &#8211; IEMA<\/li>\n<\/ul>\n<\/li>\n<\/ul>\n&nbsp;\n<ul>\n \t<li style=\"list-style-type: none;\">\n<ul>\n \t<li>Coleta e Transporte de Res\u00edduos Perigosos \u2013 IEMA<\/li>\n<\/ul>\n<\/li>\n<\/ul>\n&nbsp;\n<ul>\n \t<li style=\"list-style-type: none;\">\n<ul>\n \t<li>Certificado de T\u00e9cnico de Regulariza\u00e7\u00e3o &#8211; IBAMA<\/li>\n<\/ul>\n<\/li>\n<\/ul>\n&nbsp;\n<ul>\n \t<li style=\"list-style-type: none;\">\n<ul>\n \t<li>Coleta e Transporte e Res\u00edduos Perigosos (Classe I) e Res\u00edduos n\u00e3o perigosos no Estado do RJ<\/li>\n<\/ul>\n<\/li>\n<\/ul>\n&nbsp;<\/div>\n\t\t\t\t<\/div>\n\t\t\t\t<\/div>\n\t\t\t\t\t\t<\/div>\n\t\t\t<\/div>\n\t\t<\/div>\n\t\t\t\t<div class=\"elementor-element elementor-element-dd0c120 elementor-column elementor-col-50 elementor-top-column\" data-id=\"dd0c120\" data-element_type=\"column\">\n\t\t\t<div class=\"elementor-column-wrap  elementor-element-populated\">\n\t\t\t\t\t<div class=\"elementor-widget-wrap\">\n\t\t\t\t<div class=\"elementor-element elementor-element-96ad534 elementor-widget elementor-widget-image\" data-id=\"96ad534\" data-element_type=\"widget\" data-widget_type=\"image.default\">\n\t\t\t\t<div class=\"elementor-widget-container\">\n\t\t\t\t\t<div class=\"elementor-image\">\n\t\t\t\t\t\t\t\t\t\t<img width=\"640\" height=\"543\" src=\"https:\/\/gruposeamaster-site.com.br\/ambiental\/wp-content\/uploads\/2021\/07\/16-2-1024x868.jpg\" class=\"attachment-large size-large\" alt=\"\" loading=\"lazy\" srcset=\"https:\/\/gruposeamaster-site.com.br\/ambiental\/wp-content\/uploads\/2021\/07\/16-2-1024x868.jpg 1024w, https:\/\/gruposeamaster-site.com.br\/ambiental\/wp-content\/uploads\/2021\/07\/16-2-300x254.jpg 300w, https:\/\/gruposeamaster-site.com.br\/ambiental\/wp-content\/uploads\/2021\/07\/16-2-768x651.jpg 768w, https:\/\/gruposeamaster-site.com.br\/ambiental\/wp-content\/uploads\/2021\/07\/16-2.jpg 1200w\" sizes=\"(max-width: 640px) 100vw, 640px\" \/>\t\t\t\t\t\t\t\t\t\t\t<\/div>\n\t\t\t\t<\/div>\n\t\t\t\t<\/div>\n\t\t\t\t<div class=\"elementor-element elementor-element-efb8f94 elementor-align-center elementor-widget elementor-widget-button\" data-id=\"efb8f94\" data-element_type=\"widget\" data-widget_type=\"button.default\">\n\t\t\t\t<div class=\"elementor-widget-container\">\n\t\t\t\t\t<div class=\"elementor-button-wrapper\">\n\t\t\t<a href=\"https:\/\/gruposeamaster-site.com.br\/ambiental\/wp-content\/uploads\/2021\/07\/PDFs_licen\u00e7as.zip\" class=\"elementor-button-link elementor-button elementor-size-sm\" role=\"button\">\n\t\t\t\t\t\t<span class=\"elementor-button-content-wrapper\">\n\t\t\t\t\t\t<span class=\"elementor-button-text\">Baixar Licen\u00e7as<\/span>\n\t\t<\/span>\n\t\t\t\t\t<\/a>\n\t\t<\/div>\n\t\t\t\t<\/div>\n\t\t\t\t<\/div>\n\t\t\t\t\t\t<\/div>\n\t\t\t<\/div>\n\t\t<\/div>\n\t\t\t\t\t\t<\/div>\n\t\t\t<\/div>\n\t\t<\/section>\n\t\t\t\t\t\t<\/div>\n\t\t\t<\/div>\n\t\t<\/div>\n\t\t","protected":false},"excerpt":{"rendered":"<p>NOSSAS LICEN\u00c7AS Autoriza\u00e7\u00e3o de funcionamento de empresa em \u00e1reas de portos, aeroportos e fronteira \u2013 ANVISA &nbsp; Coleta e Transporte de L\u00edquidos e Semi-S\u00f3lidos e Esgoto &#8211; IEMA &nbsp; Coleta e Transporte de Res\u00edduos N\u00e3o Perigosos e Lama Abrasiva &#8211; IEMA &nbsp; Coleta e Transporte de Res\u00edduos de Sa\u00fade &#8211; IEMA &nbsp; Coleta e Transporte<\/p>\n","protected":false},"author":1,"featured_media":0,"parent":0,"menu_order":0,"comment_status":"closed","ping_status":"closed","template":"","meta":[],"_links":{"self":[{"href":"https:\/\/gruposeamaster-site.com.br\/ambiental\/wp-json\/wp\/v2\/pages\/1591"}],"collection":[{"href":"https:\/\/gruposeamaster-site.com.br\/ambiental\/wp-json\/wp\/v2\/pages"}],"about":[{"href":"https:\/\/gruposeamaster-site.com.br\/ambiental\/wp-json\/wp\/v2\/types\/page"}],"author":[{"embeddable":true,"href":"https:\/\/gruposeamaster-site.com.br\/ambiental\/wp-json\/wp\/v2\/users\/1"}],"replies":[{"embeddable":true,"href":"https:\/\/gruposeamaster-site.com.br\/ambiental\/wp-json\/wp\/v2\/comments?post=1591"}],"version-history":[{"count":8,"href":"https:\/\/gruposeamaster-site.com.br\/ambiental\/wp-json\/wp\/v2\/pages\/1591\/revisions"}],"predecessor-version":[{"id":1853,"href":"https:\/\/gruposeamaster-site.com.br\/ambiental\/wp-json\/wp\/v2\/pages\/1591\/revisions\/1853"}],"wp:attachment":[{"href":"https:\/\/gruposeamaster-site.com.br\/ambiental\/wp-json\/wp\/v2\/media?parent=1591"}],"curies":[{"name":"wp","href":"https:\/\/api.w.org\/{rel}","templated":true}]}}