{"id":216,"date":"2019-10-11T05:18:09","date_gmt":"2019-10-11T05:18:09","guid":{"rendered":"https:\/\/themes.jibdara.com\/albion\/?page_id=216"},"modified":"2021-07-15T12:35:55","modified_gmt":"2021-07-15T15:35:55","slug":"sobre-nos","status":"publish","type":"page","link":"https:\/\/gruposeamaster-site.com.br\/ambiental\/sobre-nos\/","title":{"rendered":"Sobre N\u00f3s"},"content":{"rendered":"\t\t<div data-elementor-type=\"wp-page\" data-elementor-id=\"216\" class=\"elementor elementor-216\" data-elementor-settings=\"[]\">\n\t\t\t<div class=\"elementor-inner\">\n\t\t\t\t<div class=\"elementor-section-wrap\">\n\t\t\t\t\t\t\t<section class=\"elementor-element elementor-element-b9ac9e8 elementor-section-boxed elementor-section-height-default elementor-section-height-default elementor-section elementor-top-section\" data-id=\"b9ac9e8\" data-element_type=\"section\">\n\t\t\t\t\t\t<div class=\"elementor-container elementor-column-gap-default\">\n\t\t\t\t<div class=\"elementor-row\">\n\t\t\t\t<div class=\"elementor-element elementor-element-3a7a072 elementor-column elementor-col-50 elementor-top-column\" data-id=\"3a7a072\" data-element_type=\"column\">\n\t\t\t<div class=\"elementor-column-wrap  elementor-element-populated\">\n\t\t\t\t\t<div class=\"elementor-widget-wrap\">\n\t\t\t\t<div class=\"elementor-element elementor-element-8a749ad elementor-widget elementor-widget-heading\" data-id=\"8a749ad\" data-element_type=\"widget\" data-widget_type=\"heading.default\">\n\t\t\t\t<div class=\"elementor-widget-container\">\n\t\t\t<h2 class=\"elementor-heading-title elementor-size-default\">QUEM SOMOS<\/h2>\t\t<\/div>\n\t\t\t\t<\/div>\n\t\t\t\t<div class=\"elementor-element elementor-element-694c38c elementor-widget elementor-widget-text-editor\" data-id=\"694c38c\" data-element_type=\"widget\" data-widget_type=\"text-editor.default\">\n\t\t\t\t<div class=\"elementor-widget-container\">\n\t\t\t\t\t<div class=\"elementor-text-editor elementor-clearfix\"><p>Fundada em 2006 para atender o mercado capixaba no gerenciamento de res\u00edduos de embarca\u00e7\u00f5es onshore e ofshore, a Sea Master Ambiental se desenvolveu e se especializou em gest\u00e3o sustent\u00e1vel de res\u00edduos tamb\u00e9m para portos, aeroportos e grandes geradores, como ind\u00fastrias e com\u00e9rcios de diversos seguimento.<\/p><p>Nosso diferencial \u00e9 atender de forma ampla as necessidades do mercado, assim a Sea Master Ambiental se diversificou e se tornou refer\u00eancia tamb\u00e9m para limpezas t\u00e9cnicas de facilities, instala\u00e7\u00e3o de barreiras de conten\u00e7\u00e3o para opera\u00e7\u00f5es mar\u00edtimas, oferece loca\u00e7\u00e3o de equipamentos e prontid\u00e3o operacional para emerg\u00eancias ambientais de vazamento de hidrocarbonetos.<\/p><\/div>\n\t\t\t\t<\/div>\n\t\t\t\t<\/div>\n\t\t\t\t\t\t<\/div>\n\t\t\t<\/div>\n\t\t<\/div>\n\t\t\t\t<div class=\"elementor-element elementor-element-10243e9 elementor-column elementor-col-50 elementor-top-column\" data-id=\"10243e9\" data-element_type=\"column\">\n\t\t\t<div class=\"elementor-column-wrap  elementor-element-populated\">\n\t\t\t\t\t<div class=\"elementor-widget-wrap\">\n\t\t\t\t<div class=\"elementor-element elementor-element-2bfe04b elementor-widget elementor-widget-image\" data-id=\"2bfe04b\" data-element_type=\"widget\" data-widget_type=\"image.default\">\n\t\t\t\t<div class=\"elementor-widget-container\">\n\t\t\t\t\t<div class=\"elementor-image\">\n\t\t\t\t\t\t\t\t\t\t<img width=\"640\" height=\"427\" src=\"https:\/\/gruposeamaster-site.com.br\/ambiental\/wp-content\/uploads\/2021\/07\/06-1024x683.jpg\" class=\"attachment-large size-large\" alt=\"\" loading=\"lazy\" srcset=\"https:\/\/gruposeamaster-site.com.br\/ambiental\/wp-content\/uploads\/2021\/07\/06-1024x683.jpg 1024w, https:\/\/gruposeamaster-site.com.br\/ambiental\/wp-content\/uploads\/2021\/07\/06-300x200.jpg 300w, https:\/\/gruposeamaster-site.com.br\/ambiental\/wp-content\/uploads\/2021\/07\/06-768x512.jpg 768w, https:\/\/gruposeamaster-site.com.br\/ambiental\/wp-content\/uploads\/2021\/07\/06.jpg 1200w\" sizes=\"(max-width: 640px) 100vw, 640px\" \/>\t\t\t\t\t\t\t\t\t\t\t<\/div>\n\t\t\t\t<\/div>\n\t\t\t\t<\/div>\n\t\t\t\t\t\t<\/div>\n\t\t\t<\/div>\n\t\t<\/div>\n\t\t\t\t\t\t<\/div>\n\t\t\t<\/div>\n\t\t<\/section>\n\t\t\t\t<section class=\"elementor-element elementor-element-50c6d57 elementor-section-boxed elementor-section-height-default elementor-section-height-default elementor-section elementor-top-section\" data-id=\"50c6d57\" data-element_type=\"section\">\n\t\t\t\t\t\t<div class=\"elementor-container elementor-column-gap-default\">\n\t\t\t\t<div class=\"elementor-row\">\n\t\t\t\t<div class=\"elementor-element elementor-element-96c5f22 elementor-column elementor-col-100 elementor-top-column\" data-id=\"96c5f22\" data-element_type=\"column\">\n\t\t\t<div class=\"elementor-column-wrap  elementor-element-populated\">\n\t\t\t\t\t<div class=\"elementor-widget-wrap\">\n\t\t\t\t<div class=\"elementor-element elementor-element-6b9c161 elementor-widget elementor-widget-about-widget\" data-id=\"6b9c161\" data-element_type=\"widget\" data-widget_type=\"about-widget.default\">\n\t\t\t\t<div class=\"elementor-widget-container\">\n\t\t\t\r\n        <!-- Start About Area -->\r\n                    <div class=\"about-area ptb-110\">\r\n                <div class=\"container\">\r\n                    <div class=\"row align-items-center\">\r\n                        <div class=\"col-lg-6 col-md-12\">\r\n                            <div class=\"about-image\">\r\n                                <img width=\"1200\" height=\"800\" src=\"https:\/\/gruposeamaster-site.com.br\/ambiental\/wp-content\/uploads\/2021\/07\/07.jpg\" class=\"attachment-full size-full\" alt=\"\" loading=\"lazy\" srcset=\"https:\/\/gruposeamaster-site.com.br\/ambiental\/wp-content\/uploads\/2021\/07\/07.jpg 1200w, https:\/\/gruposeamaster-site.com.br\/ambiental\/wp-content\/uploads\/2021\/07\/07-300x200.jpg 300w, https:\/\/gruposeamaster-site.com.br\/ambiental\/wp-content\/uploads\/2021\/07\/07-1024x683.jpg 1024w, https:\/\/gruposeamaster-site.com.br\/ambiental\/wp-content\/uploads\/2021\/07\/07-768x512.jpg 768w\" sizes=\"(max-width: 1200px) 100vw, 1200px\" \/>                                                            <\/div>\r\n                        <\/div>\r\n                        <div class=\"col-lg-6 col-md-12\">\r\n                            <div class=\"about-content\">\r\n                                                                <p>Planejamos estrategicamente e gerenciamos essas atividades com nossa equipe t\u00e9cnica multidisciplinar e capacitada, frota e equipamentos especializados e executamos nossas atividades baseados nos mais altos padr\u00f5es de seguran\u00e7a a vida e ambiental. <br \/>Com aplica\u00e7\u00e3o de processos de melhoria cont\u00ednua, garantimos que nossos atendimentos evoluam na qualidade que nossos clientes merecem.<\/p><p>Somos essencialmente uma empresa que busca o primor em nossos processos, atrav\u00e9s da realiza\u00e7\u00e3o de auditorias internas e do aperfei\u00e7oamento da efici\u00eancia operacional, orientando, assessorando e realizando atividades para agregar valor \u00e0s nossas opera\u00e7\u00f5es e necessidades dos clientes.<\/p><p>A SEA MASTER AMBIENTAL destaca-se no cen\u00e1rio nacional com matriz no ES e filial no RJ, atendendo aos principais portos da regi\u00e3o sudeste e atuando nos mais diversificados ramos e porte de neg\u00f3cios, sempre primando pela seguran\u00e7a a vida e prote\u00e7\u00e3o ambiental.<\/p>\r\n                                                            <\/div>\r\n                        <\/div>\r\n                    <\/div>\r\n\r\n                    <!-- style two -->\r\n                                            <div class=\"about-inner-area\">\r\n                            <div class=\"row\">                                     <div class=\"col-lg-4 col-md-6 col-sm-6\">\r\n                                        <div class=\"about-text\">\r\n                                            <h3>MISS\u00c3O<\/h3>                                            <p>Atender as necessidades de nossos clientes com servi\u00e7os que sejam solu\u00e7\u00f5es ambientais eficientes e que superem as expectativas do mercado, sempre com seguran\u00e7a e qualidade operacional.<\/p>                                        <\/div>\r\n                                    <\/div>                                    <div class=\"col-lg-4 col-md-6 col-sm-6\">\r\n                                        <div class=\"about-text\">\r\n                                            <h3>VIS\u00c3O<\/h3>                                            <p>Ser reconhecida como refer\u00eancia no segmento de gerenciamento de res\u00edduos, baseada no desenvolvimento sustent\u00e1vel, onde haja equil\u00edbrio entre pessoas, planeta e economia.<\/p>                                        <\/div>\r\n                                    <\/div>                                    <div class=\"col-lg-4 col-md-6 col-sm-6 offset-lg-0 offset-md-3 offset-sm-3\">\r\n                                        <div class=\"about-text\">\r\n                                            <h3>VALORES<\/h3>                                            <p><strong>\u2713<\/strong> Respeito \u00e0 vida;<br \/><strong>\u2713<\/strong> Desenvolvimento sustent\u00e1vel;<br \/><strong>\u2713<\/strong> Qualidade operacional;<br \/><strong>\u2713<\/strong> Transpar\u00eancia;<br \/><strong>\u2713<\/strong> Compromisso com a capacita\u00e7\u00e3o dos nossos colaboradores;<br \/><strong>\u2713<\/strong> Comprometimento com o cliente.<\/p>                                        <\/div>\r\n                                    <\/div>                            \r\n                            <\/div>\r\n                        <\/div>\r\n                <\/div>\r\n\r\n                                <div class=\"shape-img1\">\r\n                    <img src=\"https:\/\/gruposeamaster-site.com.br\/ambiental\/wp-content\/themes\/albion\/assets\/img\/shape\/1.png\" alt=\"About Shape\"\/>\r\n                <\/div>\r\n                <div class=\"shape-img2\">\r\n                    <img src=\"https:\/\/gruposeamaster-site.com.br\/ambiental\/wp-content\/themes\/albion\/assets\/img\/shape\/2.svg\" alt=\"About Shape\"\/>\r\n                <\/div>\r\n                <div class=\"shape-img3\">\r\n                    <img src=\"https:\/\/gruposeamaster-site.com.br\/ambiental\/wp-content\/themes\/albion\/assets\/img\/shape\/3.png\" alt=\"About Shape\"\/>\r\n                <\/div>\r\n                <div class=\"shape-img4\">\r\n                    <img src=\"https:\/\/gruposeamaster-site.com.br\/ambiental\/wp-content\/themes\/albion\/assets\/img\/shape\/4.svg\" alt=\"About Shape\"\/>\r\n                <\/div>\r\n                <div class=\"shape-img5\">\r\n                    <img src=\"https:\/\/gruposeamaster-site.com.br\/ambiental\/wp-content\/themes\/albion\/assets\/img\/shape\/5.svg\" alt=\"About Shape\"\/>\r\n                <\/div>\r\n                <div class=\"shape-img6\">\r\n                    <img src=\"https:\/\/gruposeamaster-site.com.br\/ambiental\/wp-content\/themes\/albion\/assets\/img\/shape\/6.png\" alt=\"About Shape\"\/>\r\n                <\/div>\r\n                <div class=\"dot-shape1\">\r\n                    <img src=\"https:\/\/gruposeamaster-site.com.br\/ambiental\/wp-content\/themes\/albion\/assets\/img\/shape\/dot1.png\" alt=\"About Shape\"\/>\r\n                <\/div>\r\n                <div class=\"dot-shape2\">\r\n                    <img src=\"https:\/\/gruposeamaster-site.com.br\/ambiental\/wp-content\/themes\/albion\/assets\/img\/shape\/dot3.png\" alt=\"About Shape\"\/>\r\n                <\/div>\r\n            <\/div>         <!-- End About Area -->\r\n        \t\t<\/div>\n\t\t\t\t<\/div>\n\t\t\t\t\t\t<\/div>\n\t\t\t<\/div>\n\t\t<\/div>\n\t\t\t\t\t\t<\/div>\n\t\t\t<\/div>\n\t\t<\/section>\n\t\t\t\t<section class=\"elementor-element elementor-element-78b8c13 elementor-section-boxed elementor-section-height-default elementor-section-height-default elementor-section elementor-top-section\" data-id=\"78b8c13\" data-element_type=\"section\">\n\t\t\t\t\t\t<div class=\"elementor-container elementor-column-gap-default\">\n\t\t\t\t<div class=\"elementor-row\">\n\t\t\t\t<div class=\"elementor-element elementor-element-c53ba9c elementor-column elementor-col-50 elementor-top-column\" data-id=\"c53ba9c\" data-element_type=\"column\">\n\t\t\t<div class=\"elementor-column-wrap  elementor-element-populated\">\n\t\t\t\t\t<div class=\"elementor-widget-wrap\">\n\t\t\t\t<div class=\"elementor-element elementor-element-4364fff elementor-widget elementor-widget-image\" data-id=\"4364fff\" data-element_type=\"widget\" data-widget_type=\"image.default\">\n\t\t\t\t<div class=\"elementor-widget-container\">\n\t\t\t\t\t<div class=\"elementor-image\">\n\t\t\t\t\t\t\t\t\t\t<img width=\"640\" height=\"628\" src=\"https:\/\/gruposeamaster-site.com.br\/ambiental\/wp-content\/uploads\/2021\/07\/08-1-1024x1004.jpg\" class=\"attachment-large size-large\" alt=\"\" loading=\"lazy\" srcset=\"https:\/\/gruposeamaster-site.com.br\/ambiental\/wp-content\/uploads\/2021\/07\/08-1-1024x1004.jpg 1024w, https:\/\/gruposeamaster-site.com.br\/ambiental\/wp-content\/uploads\/2021\/07\/08-1-300x294.jpg 300w, https:\/\/gruposeamaster-site.com.br\/ambiental\/wp-content\/uploads\/2021\/07\/08-1-768x753.jpg 768w, https:\/\/gruposeamaster-site.com.br\/ambiental\/wp-content\/uploads\/2021\/07\/08-1.jpg 1200w\" sizes=\"(max-width: 640px) 100vw, 640px\" \/>\t\t\t\t\t\t\t\t\t\t\t<\/div>\n\t\t\t\t<\/div>\n\t\t\t\t<\/div>\n\t\t\t\t\t\t<\/div>\n\t\t\t<\/div>\n\t\t<\/div>\n\t\t\t\t<div class=\"elementor-element elementor-element-5b052db elementor-column elementor-col-50 elementor-top-column\" data-id=\"5b052db\" data-element_type=\"column\">\n\t\t\t<div class=\"elementor-column-wrap  elementor-element-populated\">\n\t\t\t\t\t<div class=\"elementor-widget-wrap\">\n\t\t\t\t<div class=\"elementor-element elementor-element-be3e88f elementor-widget elementor-widget-heading\" data-id=\"be3e88f\" data-element_type=\"widget\" data-widget_type=\"heading.default\">\n\t\t\t\t<div class=\"elementor-widget-container\">\n\t\t\t<h2 class=\"elementor-heading-title elementor-size-default\">SUSTENTABILIDADE COMO PROP\u00d3SITO<\/h2>\t\t<\/div>\n\t\t\t\t<\/div>\n\t\t\t\t<div class=\"elementor-element elementor-element-e1b5659 elementor-widget elementor-widget-text-editor\" data-id=\"e1b5659\" data-element_type=\"widget\" data-widget_type=\"text-editor.default\">\n\t\t\t\t<div class=\"elementor-widget-container\">\n\t\t\t\t\t<div class=\"elementor-text-editor elementor-clearfix\"><p>Realizamos esfor\u00e7os para integrar a sustentabilidade no centro da estrat\u00e9gia empresarial e nos processos de tomada de decis\u00e3o. Assim, nos nossos atendimentos concedemos uma nova perspectiva e convertemos as necessidades de nossos clientes em solu\u00e7\u00f5es ambientais respons\u00e1veis e vi\u00e1veis.<\/p><p>Desenvolvemos Programa de Educa\u00e7\u00e3o Ambiental em conson\u00e2ncia com os ODS \u2013 Objetivos de Desenvolvimento Sustent\u00e1veis:<\/p><p>\u2981<strong> Energia.<\/strong> Meta de transfer\u00eancia da matriz energ\u00e9tica convencional para energia solar, limpa e renov\u00e1vel para as instala\u00e7\u00f5es da empresa;<br \/>\u2981 <strong>H\u00eddrica.<\/strong> Implementa\u00e7\u00e3o de sistema de capita\u00e7\u00e3o de \u00e1gua de chuva, com capacidade 24 m\u00b3 de armazenamento para aproveitamento em nossa matriz, para manuten\u00e7\u00e3o de frota e conserva\u00e7\u00e3o de \u00e1reas verdes;<br \/>\u2981 <strong>Res\u00edduos.<\/strong> Trabalhamos com o \u00edndice de res\u00edduo zero em aterros sanit\u00e1rios, priorizando que todo res\u00edduo gerenciado seja trabalhado para ser valorizado e siga para a reciclagem;<br \/>\u2981 <strong>Bem estar.<\/strong> Cultivamos uma horta org\u00e2nica de uso comum para nossos colaboradores visando desenvolver a consci\u00eancia dos aspectos a produ\u00e7\u00e3o respons\u00e1vel e consumo sustent\u00e1vel.<\/p><p>Convidamos nossos parceiros e partes interessadas a colaborarem conosco para intensificar as nossas a\u00e7\u00f5es ambientais para al\u00e9m das obriga\u00e7\u00f5es.<\/p><\/div>\n\t\t\t\t<\/div>\n\t\t\t\t<\/div>\n\t\t\t\t\t\t<\/div>\n\t\t\t<\/div>\n\t\t<\/div>\n\t\t\t\t\t\t<\/div>\n\t\t\t<\/div>\n\t\t<\/section>\n\t\t\t\t<section class=\"elementor-element elementor-element-f8a0239 elementor-section-boxed elementor-section-height-default elementor-section-height-default elementor-section elementor-top-section\" data-id=\"f8a0239\" data-element_type=\"section\" data-settings=\"{&quot;background_background&quot;:&quot;classic&quot;}\">\n\t\t\t\t\t\t<div class=\"elementor-container elementor-column-gap-default\">\n\t\t\t\t<div class=\"elementor-row\">\n\t\t\t\t<div class=\"elementor-element elementor-element-b315512 elementor-column elementor-col-50 elementor-top-column\" data-id=\"b315512\" data-element_type=\"column\">\n\t\t\t<div class=\"elementor-column-wrap  elementor-element-populated\">\n\t\t\t\t\t<div class=\"elementor-widget-wrap\">\n\t\t\t\t<div class=\"elementor-element elementor-element-3a2615d elementor-widget elementor-widget-heading\" data-id=\"3a2615d\" data-element_type=\"widget\" data-widget_type=\"heading.default\">\n\t\t\t\t<div class=\"elementor-widget-container\">\n\t\t\t<h2 class=\"elementor-heading-title elementor-size-default\">POR QUE SOMOS SUA MELHOR ESCOLHA<\/h2>\t\t<\/div>\n\t\t\t\t<\/div>\n\t\t\t\t<div class=\"elementor-element elementor-element-cb57f73 elementor-widget elementor-widget-accordion\" data-id=\"cb57f73\" data-element_type=\"widget\" data-widget_type=\"accordion.default\">\n\t\t\t\t<div class=\"elementor-widget-container\">\n\t\t\t\t\t<div class=\"elementor-accordion\" role=\"tablist\">\n\t\t\t\t\t\t\t<div class=\"elementor-accordion-item\">\n\t\t\t\t\t<div id=\"elementor-tab-title-2131\" class=\"elementor-tab-title\" data-tab=\"1\" role=\"tab\" aria-controls=\"elementor-tab-content-2131\">\n\t\t\t\t\t\t\t\t\t\t\t\t\t<span class=\"elementor-accordion-icon elementor-accordion-icon-left\" aria-hidden=\"true\">\n\t\t\t\t\t\t\t\t\t\t\t\t\t\t\t<span class=\"elementor-accordion-icon-closed\"><i class=\"fas fa-plus\"><\/i><\/span>\n\t\t\t\t\t\t\t\t<span class=\"elementor-accordion-icon-opened\"><i class=\"fas fa-minus\"><\/i><\/span>\n\t\t\t\t\t\t\t\t\t\t\t\t\t\t<\/span>\n\t\t\t\t\t\t\t\t\t\t\t\t<a class=\"elementor-accordion-title\" href=\"\">CONFORMIDADE LEGAL E TRANSPAR\u00caNCIA <\/a>\n\t\t\t\t\t<\/div>\n\t\t\t\t\t<div id=\"elementor-tab-content-2131\" class=\"elementor-tab-content elementor-clearfix\" data-tab=\"1\" role=\"tabpanel\" aria-labelledby=\"elementor-tab-title-2131\"><p>Toda documenta\u00e7\u00e3o necess\u00e1ria \u00e0s opera\u00e7\u00f5es \u00e9 compartilhada com as partes envolvidas, entregue no menor tempo poss\u00edvel, promovendo celeridade do atendimento e atendimentos a necessidades legais.<\/p><\/div>\n\t\t\t\t<\/div>\n\t\t\t\t\t\t\t<div class=\"elementor-accordion-item\">\n\t\t\t\t\t<div id=\"elementor-tab-title-2132\" class=\"elementor-tab-title\" data-tab=\"2\" role=\"tab\" aria-controls=\"elementor-tab-content-2132\">\n\t\t\t\t\t\t\t\t\t\t\t\t\t<span class=\"elementor-accordion-icon elementor-accordion-icon-left\" aria-hidden=\"true\">\n\t\t\t\t\t\t\t\t\t\t\t\t\t\t\t<span class=\"elementor-accordion-icon-closed\"><i class=\"fas fa-plus\"><\/i><\/span>\n\t\t\t\t\t\t\t\t<span class=\"elementor-accordion-icon-opened\"><i class=\"fas fa-minus\"><\/i><\/span>\n\t\t\t\t\t\t\t\t\t\t\t\t\t\t<\/span>\n\t\t\t\t\t\t\t\t\t\t\t\t<a class=\"elementor-accordion-title\" href=\"\">COMPROMISSO COM A LEGISLA\u00c7\u00c3O AMBIENTAL<\/a>\n\t\t\t\t\t<\/div>\n\t\t\t\t\t<div id=\"elementor-tab-content-2132\" class=\"elementor-tab-content elementor-clearfix\" data-tab=\"2\" role=\"tabpanel\" aria-labelledby=\"elementor-tab-title-2132\"><p>Somos detentores de todas as licen\u00e7as e autoriza\u00e7\u00f5es ambientais necess\u00e1rias \u00e0 nossa opera\u00e7\u00e3o. Comprovamos que a Sea Master obedece toda a legisla\u00e7\u00e3o local, desempenhando seus servi\u00e7os em conson\u00e2ncia com os \u00f3rg\u00e3os reguladores (IBAMA, ANVISA, IEMA, INEA) e com respeito ao Meio Ambiente.<\/p><\/div>\n\t\t\t\t<\/div>\n\t\t\t\t\t\t\t<div class=\"elementor-accordion-item\">\n\t\t\t\t\t<div id=\"elementor-tab-title-2133\" class=\"elementor-tab-title\" data-tab=\"3\" role=\"tab\" aria-controls=\"elementor-tab-content-2133\">\n\t\t\t\t\t\t\t\t\t\t\t\t\t<span class=\"elementor-accordion-icon elementor-accordion-icon-left\" aria-hidden=\"true\">\n\t\t\t\t\t\t\t\t\t\t\t\t\t\t\t<span class=\"elementor-accordion-icon-closed\"><i class=\"fas fa-plus\"><\/i><\/span>\n\t\t\t\t\t\t\t\t<span class=\"elementor-accordion-icon-opened\"><i class=\"fas fa-minus\"><\/i><\/span>\n\t\t\t\t\t\t\t\t\t\t\t\t\t\t<\/span>\n\t\t\t\t\t\t\t\t\t\t\t\t<a class=\"elementor-accordion-title\" href=\"\">MOBILIZA\u00c7\u00c3O PARA RESULTADOS<\/a>\n\t\t\t\t\t<\/div>\n\t\t\t\t\t<div id=\"elementor-tab-content-2133\" class=\"elementor-tab-content elementor-clearfix\" data-tab=\"3\" role=\"tabpanel\" aria-labelledby=\"elementor-tab-title-2133\"><p>Atendemos nossos clientes de maneira exclusiva e atuamos sempre para atingir resultados eficientes e duradouros.<\/p><\/div>\n\t\t\t\t<\/div>\n\t\t\t\t\t\t\t<div class=\"elementor-accordion-item\">\n\t\t\t\t\t<div id=\"elementor-tab-title-2134\" class=\"elementor-tab-title\" data-tab=\"4\" role=\"tab\" aria-controls=\"elementor-tab-content-2134\">\n\t\t\t\t\t\t\t\t\t\t\t\t\t<span class=\"elementor-accordion-icon elementor-accordion-icon-left\" aria-hidden=\"true\">\n\t\t\t\t\t\t\t\t\t\t\t\t\t\t\t<span class=\"elementor-accordion-icon-closed\"><i class=\"fas fa-plus\"><\/i><\/span>\n\t\t\t\t\t\t\t\t<span class=\"elementor-accordion-icon-opened\"><i class=\"fas fa-minus\"><\/i><\/span>\n\t\t\t\t\t\t\t\t\t\t\t\t\t\t<\/span>\n\t\t\t\t\t\t\t\t\t\t\t\t<a class=\"elementor-accordion-title\" href=\"\">COMPROMETIMENTO DA EQUIPE<\/a>\n\t\t\t\t\t<\/div>\n\t\t\t\t\t<div id=\"elementor-tab-content-2134\" class=\"elementor-tab-content elementor-clearfix\" data-tab=\"4\" role=\"tabpanel\" aria-labelledby=\"elementor-tab-title-2134\"><p>O comprometimento da nossa equipe com os resultados organizacionais \u00e9 um diferencial para a Sea Master. Para incentivar e manter esse compromisso, investimos em a\u00e7\u00f5es que estimulam o desenvolvimento da equipe, a fim de contribuir para o alcance de resultados, com a m\u00e1xima seguran\u00e7a do trabalho e responsabilidade ambiental.<\/p><\/div>\n\t\t\t\t<\/div>\n\t\t\t\t\t<\/div>\n\t\t\t\t<\/div>\n\t\t\t\t<\/div>\n\t\t\t\t\t\t<\/div>\n\t\t\t<\/div>\n\t\t<\/div>\n\t\t\t\t<div class=\"elementor-element elementor-element-dd0c120 elementor-column elementor-col-50 elementor-top-column\" data-id=\"dd0c120\" data-element_type=\"column\">\n\t\t\t<div class=\"elementor-column-wrap  elementor-element-populated\">\n\t\t\t\t\t<div class=\"elementor-widget-wrap\">\n\t\t\t\t<div class=\"elementor-element elementor-element-96ad534 elementor-widget elementor-widget-image\" data-id=\"96ad534\" data-element_type=\"widget\" data-widget_type=\"image.default\">\n\t\t\t\t<div class=\"elementor-widget-container\">\n\t\t\t\t\t<div class=\"elementor-image\">\n\t\t\t\t\t\t\t\t\t\t<img width=\"640\" height=\"480\" src=\"https:\/\/gruposeamaster-site.com.br\/ambiental\/wp-content\/uploads\/2021\/07\/09-1024x768.jpg\" class=\"attachment-large size-large\" alt=\"\" loading=\"lazy\" srcset=\"https:\/\/gruposeamaster-site.com.br\/ambiental\/wp-content\/uploads\/2021\/07\/09-1024x768.jpg 1024w, https:\/\/gruposeamaster-site.com.br\/ambiental\/wp-content\/uploads\/2021\/07\/09-300x225.jpg 300w, https:\/\/gruposeamaster-site.com.br\/ambiental\/wp-content\/uploads\/2021\/07\/09-768x576.jpg 768w, https:\/\/gruposeamaster-site.com.br\/ambiental\/wp-content\/uploads\/2021\/07\/09.jpg 1200w\" sizes=\"(max-width: 640px) 100vw, 640px\" \/>\t\t\t\t\t\t\t\t\t\t\t<\/div>\n\t\t\t\t<\/div>\n\t\t\t\t<\/div>\n\t\t\t\t\t\t<\/div>\n\t\t\t<\/div>\n\t\t<\/div>\n\t\t\t\t\t\t<\/div>\n\t\t\t<\/div>\n\t\t<\/section>\n\t\t\t\t\t\t<\/div>\n\t\t\t<\/div>\n\t\t<\/div>\n\t\t","protected":false},"excerpt":{"rendered":"<p>QUEM SOMOS Fundada em 2006 para atender o mercado capixaba no gerenciamento de res\u00edduos de embarca\u00e7\u00f5es onshore e ofshore, a Sea Master Ambiental se desenvolveu e se especializou em gest\u00e3o sustent\u00e1vel de res\u00edduos tamb\u00e9m para portos, aeroportos e grandes geradores, como ind\u00fastrias e com\u00e9rcios de diversos seguimento. Nosso diferencial \u00e9 atender de forma ampla as<\/p>\n","protected":false},"author":1,"featured_media":0,"parent":0,"menu_order":0,"comment_status":"closed","ping_status":"closed","template":"","meta":[],"_links":{"self":[{"href":"https:\/\/gruposeamaster-site.com.br\/ambiental\/wp-json\/wp\/v2\/pages\/216"}],"collection":[{"href":"https:\/\/gruposeamaster-site.com.br\/ambiental\/wp-json\/wp\/v2\/pages"}],"about":[{"href":"https:\/\/gruposeamaster-site.com.br\/ambiental\/wp-json\/wp\/v2\/types\/page"}],"author":[{"embeddable":true,"href":"https:\/\/gruposeamaster-site.com.br\/ambiental\/wp-json\/wp\/v2\/users\/1"}],"replies":[{"embeddable":true,"href":"https:\/\/gruposeamaster-site.com.br\/ambiental\/wp-json\/wp\/v2\/comments?post=216"}],"version-history":[{"count":33,"href":"https:\/\/gruposeamaster-site.com.br\/ambiental\/wp-json\/wp\/v2\/pages\/216\/revisions"}],"predecessor-version":[{"id":1830,"href":"https:\/\/gruposeamaster-site.com.br\/ambiental\/wp-json\/wp\/v2\/pages\/216\/revisions\/1830"}],"wp:attachment":[{"href":"https:\/\/gruposeamaster-site.com.br\/ambiental\/wp-json\/wp\/v2\/media?parent=216"}],"curies":[{"name":"wp","href":"https:\/\/api.w.org\/{rel}","templated":true}]}}