{"id":216,"date":"2019-10-11T05:18:09","date_gmt":"2019-10-11T05:18:09","guid":{"rendered":"https:\/\/themes.jibdara.com\/albion\/?page_id=216"},"modified":"2021-08-26T11:01:07","modified_gmt":"2021-08-26T14:01:07","slug":"sobre-nos","status":"publish","type":"page","link":"https:\/\/gruposeamaster-site.com.br\/logistica\/sobre-nos\/","title":{"rendered":"Sobre N\u00f3s"},"content":{"rendered":"\t\t<div data-elementor-type=\"wp-page\" data-elementor-id=\"216\" class=\"elementor elementor-216\" data-elementor-settings=\"[]\">\n\t\t\t<div class=\"elementor-inner\">\n\t\t\t\t<div class=\"elementor-section-wrap\">\n\t\t\t\t\t\t\t<div class=\"elementor-element elementor-element-5e01074 elementor-section-full_width elementor-section-height-default elementor-section-height-default elementor-section elementor-top-section\" data-id=\"5e01074\" data-element_type=\"section\">\n\t\t\t\t\t\t<div class=\"elementor-container elementor-column-gap-no\">\n\t\t\t\t<div class=\"elementor-row\">\n\t\t\t\t<div class=\"elementor-element elementor-element-3c7285f elementor-column elementor-col-100 elementor-top-column\" data-id=\"3c7285f\" data-element_type=\"column\">\n\t\t\t<div class=\"elementor-column-wrap  elementor-element-populated\">\n\t\t\t\t\t<div class=\"elementor-widget-wrap\">\n\t\t\t\t<div class=\"elementor-element elementor-element-65ff520 elementor-widget elementor-widget-about-widget\" data-id=\"65ff520\" data-element_type=\"widget\" data-widget_type=\"about-widget.default\">\n\t\t\t\t<div class=\"elementor-widget-container\">\n\t\t\t\r\n        <!-- Start About Area -->\r\n                    <div class=\"about-area ptb-110\">\r\n                <div class=\"container\">\r\n                    <div class=\"row align-items-center\">\r\n                        <div class=\"col-lg-6 col-md-12\">\r\n                            <div class=\"about-image\">\r\n                                <img width=\"1200\" height=\"800\" src=\"https:\/\/gruposeamaster-site.com.br\/logistica\/wp-content\/uploads\/2021\/07\/05.jpg\" class=\"attachment-full size-full\" alt=\"\" loading=\"lazy\" srcset=\"https:\/\/gruposeamaster-site.com.br\/logistica\/wp-content\/uploads\/2021\/07\/05.jpg 1200w, https:\/\/gruposeamaster-site.com.br\/logistica\/wp-content\/uploads\/2021\/07\/05-300x200.jpg 300w, https:\/\/gruposeamaster-site.com.br\/logistica\/wp-content\/uploads\/2021\/07\/05-1024x683.jpg 1024w, https:\/\/gruposeamaster-site.com.br\/logistica\/wp-content\/uploads\/2021\/07\/05-768x512.jpg 768w\" sizes=\"(max-width: 1200px) 100vw, 1200px\" \/>                                                            <\/div>\r\n                        <\/div>\r\n                        <div class=\"col-lg-6 col-md-12\">\r\n                            <div class=\"about-content\">\r\n                                <h2>QUEM SOMOS<\/h2>                                <p>A Sea Master Transportes e Log\u00edstica tem mais de 12 anos de expertise, focada em oferecer solu\u00e7\u00f5es de Transporte e Log\u00edstica, observando e analisando a particularidade e a necessidade de cada cliente.<\/p><p><br \/>Nosso objetivo \u00e9 agregar valor ao neg\u00f3cio do nosso cliente, garantindo a excel\u00eancia nos servi\u00e7os prestados, utilizando as mais modernas tecnologias de monitoramento e gest\u00e3o dos seguimentos de Transporte e Log\u00edstica.<\/p><p><br \/>Possu\u00edmos frota pr\u00f3pria e diversificada, preparada para atender sua opera\u00e7\u00e3o de forma \u00e1gil, com qualidade, tecnologia e flexibilidade.<\/p>\r\n                                                            <\/div>\r\n                        <\/div>\r\n                    <\/div>\r\n\r\n                    <!-- style two -->\r\n                                            <div class=\"about-inner-area\">\r\n                            <div class=\"row\">                                     <div class=\"col-lg-4 col-md-6 col-sm-6\">\r\n                                        <div class=\"about-text\">\r\n                                            <h3>MISS\u00c3O<\/h3>                                            <p>Transportar cargas com qualidade, rapidez e seguran\u00e7a, surpreendendo as expectativas nos servi\u00e7os prestados, visando a satisfa\u00e7\u00e3o de nossos clientes e desenvolvimento de nossos colaboradores, em busca da melhoria cont\u00ednua.<\/p>                                        <\/div>\r\n                                    <\/div>                                    <div class=\"col-lg-4 col-md-6 col-sm-6\">\r\n                                        <div class=\"about-text\">\r\n                                            <h3>VIS\u00c3O<\/h3>                                            <p>Ser reconhecida como a mais qualificada no segmento atuante, atrav\u00e9s de um servi\u00e7o de qualidade comprovada, viabilizando assim uma rela\u00e7\u00e3o de confian\u00e7a e fidelidade com nossos clientes.<\/p>                                        <\/div>\r\n                                    <\/div>                                    <div class=\"col-lg-4 col-md-6 col-sm-6 offset-lg-0 offset-md-3 offset-sm-3\">\r\n                                        <div class=\"about-text\">\r\n                                            <h3>VALORES<\/h3>                                            <p><strong>\u2713<\/strong> Respeito e honestidade s\u00e3o a base do nosso neg\u00f3cio.<br \/><strong>\u2713<\/strong> Transpar\u00eancia e equidade refor\u00e7am nossa \u00e9tica.<br \/><strong>\u2713<\/strong> Sustentabilidade otimizando o transporte de cargas, reduzindo custos e refor\u00e7ando nosso compromisso com a sociedade e meio ambiente.<\/p>                                        <\/div>\r\n                                    <\/div>                            \r\n                            <\/div>\r\n                        <\/div>\r\n                <\/div>\r\n\r\n                                <div class=\"shape-img1\">\r\n                    <img src=\"https:\/\/gruposeamaster-site.com.br\/logistica\/wp-content\/themes\/albion\/assets\/img\/shape\/1.png\" alt=\"About Shape\"\/>\r\n                <\/div>\r\n                <div class=\"shape-img2\">\r\n                    <img src=\"https:\/\/gruposeamaster-site.com.br\/logistica\/wp-content\/themes\/albion\/assets\/img\/shape\/2.svg\" alt=\"About Shape\"\/>\r\n                <\/div>\r\n                <div class=\"shape-img3\">\r\n                    <img src=\"https:\/\/gruposeamaster-site.com.br\/logistica\/wp-content\/themes\/albion\/assets\/img\/shape\/3.png\" alt=\"About Shape\"\/>\r\n                <\/div>\r\n                <div class=\"shape-img4\">\r\n                    <img src=\"https:\/\/gruposeamaster-site.com.br\/logistica\/wp-content\/themes\/albion\/assets\/img\/shape\/4.svg\" alt=\"About Shape\"\/>\r\n                <\/div>\r\n                <div class=\"shape-img5\">\r\n                    <img src=\"https:\/\/gruposeamaster-site.com.br\/logistica\/wp-content\/themes\/albion\/assets\/img\/shape\/5.svg\" alt=\"About Shape\"\/>\r\n                <\/div>\r\n                <div class=\"shape-img6\">\r\n                    <img src=\"https:\/\/gruposeamaster-site.com.br\/logistica\/wp-content\/themes\/albion\/assets\/img\/shape\/6.png\" alt=\"About Shape\"\/>\r\n                <\/div>\r\n                <div class=\"dot-shape1\">\r\n                    <img src=\"https:\/\/gruposeamaster-site.com.br\/logistica\/wp-content\/themes\/albion\/assets\/img\/shape\/dot1.png\" alt=\"About Shape\"\/>\r\n                <\/div>\r\n                <div class=\"dot-shape2\">\r\n                    <img src=\"https:\/\/gruposeamaster-site.com.br\/logistica\/wp-content\/themes\/albion\/assets\/img\/shape\/dot3.png\" alt=\"About Shape\"\/>\r\n                <\/div>\r\n            <\/div>         <!-- End About Area -->\r\n        \t\t<\/div>\n\t\t\t\t<\/div>\n\t\t\t\t\t\t<\/div>\n\t\t\t<\/div>\n\t\t<\/div>\n\t\t\t\t\t\t<\/div>\n\t\t\t<\/div>\n\t\t<\/div>\n\t\t\t\t<section class=\"elementor-element elementor-element-a502a46 elementor-section-boxed elementor-section-height-default elementor-section-height-default elementor-section elementor-top-section\" data-id=\"a502a46\" data-element_type=\"section\" data-settings=\"{&quot;background_background&quot;:&quot;classic&quot;}\">\n\t\t\t\t\t\t<div class=\"elementor-container elementor-column-gap-default\">\n\t\t\t\t<div class=\"elementor-row\">\n\t\t\t\t<div class=\"elementor-element elementor-element-72cbd8b elementor-column elementor-col-50 elementor-top-column\" data-id=\"72cbd8b\" data-element_type=\"column\">\n\t\t\t<div class=\"elementor-column-wrap  elementor-element-populated\">\n\t\t\t\t\t<div class=\"elementor-widget-wrap\">\n\t\t\t\t<div class=\"elementor-element elementor-element-621b792 elementor-widget elementor-widget-image\" data-id=\"621b792\" data-element_type=\"widget\" data-widget_type=\"image.default\">\n\t\t\t\t<div class=\"elementor-widget-container\">\n\t\t\t\t\t<div class=\"elementor-image\">\n\t\t\t\t\t\t\t\t\t\t<img width=\"640\" height=\"469\" src=\"https:\/\/gruposeamaster-site.com.br\/logistica\/wp-content\/uploads\/2021\/08\/06-768x512-1.jpg\" class=\"attachment-large size-large\" alt=\"\" loading=\"lazy\" srcset=\"https:\/\/gruposeamaster-site.com.br\/logistica\/wp-content\/uploads\/2021\/08\/06-768x512-1.jpg 698w, https:\/\/gruposeamaster-site.com.br\/logistica\/wp-content\/uploads\/2021\/08\/06-768x512-1-300x220.jpg 300w\" sizes=\"(max-width: 640px) 100vw, 640px\" \/>\t\t\t\t\t\t\t\t\t\t\t<\/div>\n\t\t\t\t<\/div>\n\t\t\t\t<\/div>\n\t\t\t\t\t\t<\/div>\n\t\t\t<\/div>\n\t\t<\/div>\n\t\t\t\t<div class=\"elementor-element elementor-element-80162aa elementor-column elementor-col-50 elementor-top-column\" data-id=\"80162aa\" data-element_type=\"column\">\n\t\t\t<div class=\"elementor-column-wrap  elementor-element-populated\">\n\t\t\t\t\t<div class=\"elementor-widget-wrap\">\n\t\t\t\t<div class=\"elementor-element elementor-element-c7e7664 elementor-widget elementor-widget-heading\" data-id=\"c7e7664\" data-element_type=\"widget\" data-widget_type=\"heading.default\">\n\t\t\t\t<div class=\"elementor-widget-container\">\n\t\t\t<h2 class=\"elementor-heading-title elementor-size-default\">POR QUE SOMOS SUA MELHOR ESCOLHA<\/h2>\t\t<\/div>\n\t\t\t\t<\/div>\n\t\t\t\t<div class=\"elementor-element elementor-element-6573b96 elementor-widget elementor-widget-text-editor\" data-id=\"6573b96\" data-element_type=\"widget\" data-widget_type=\"text-editor.default\">\n\t\t\t\t<div class=\"elementor-widget-container\">\n\t\t\t\t\t<div class=\"elementor-text-editor elementor-clearfix\"><p><strong>Efici\u00eancia.<\/strong> Atendimento individualizado e as melhores solu\u00e7\u00f5es em transporte de cargas.<br \/>Seguran\u00e7a. Frota pr\u00f3pria e licenciada, 100% controlada e rastreada durante o transporte, permitindo acompanhamento em tempo real.<\/p><p><strong>Qualidade.<\/strong> Nossa equipe \u00e9 constantemente treinada para que voc\u00ea tenha o melhor atendimento e sua carga receba todo o cuidado durante o transito, da coleta at\u00e9 a entrega.<\/p><p><strong>Monitoramento.<\/strong> Central de Gerenciamento de Risco 24 horas que acompanha toda a frota.<\/p><p><strong>Sustent\u00e1vel.<\/strong> porque fazemos a nossa parte e colaboramos com a diminui\u00e7\u00e3o dos impactos ambientais do segmento de transporte.<\/p><\/div>\n\t\t\t\t<\/div>\n\t\t\t\t<\/div>\n\t\t\t\t\t\t<\/div>\n\t\t\t<\/div>\n\t\t<\/div>\n\t\t\t\t\t\t<\/div>\n\t\t\t<\/div>\n\t\t<\/section>\n\t\t\t\t\t\t<\/div>\n\t\t\t<\/div>\n\t\t<\/div>\n\t\t","protected":false},"excerpt":{"rendered":"<p>QUEM SOMOS A Sea Master Transportes e Log\u00edstica tem mais de 12 anos de expertise, focada em oferecer solu\u00e7\u00f5es de Transporte e Log\u00edstica, observando e analisando a particularidade e a necessidade de cada cliente. Nosso objetivo \u00e9 agregar valor ao neg\u00f3cio do nosso cliente, garantindo a excel\u00eancia nos servi\u00e7os prestados, utilizando as mais modernas tecnologias<\/p>\n","protected":false},"author":1,"featured_media":0,"parent":0,"menu_order":0,"comment_status":"closed","ping_status":"closed","template":"","meta":[],"_links":{"self":[{"href":"https:\/\/gruposeamaster-site.com.br\/logistica\/wp-json\/wp\/v2\/pages\/216"}],"collection":[{"href":"https:\/\/gruposeamaster-site.com.br\/logistica\/wp-json\/wp\/v2\/pages"}],"about":[{"href":"https:\/\/gruposeamaster-site.com.br\/logistica\/wp-json\/wp\/v2\/types\/page"}],"author":[{"embeddable":true,"href":"https:\/\/gruposeamaster-site.com.br\/logistica\/wp-json\/wp\/v2\/users\/1"}],"replies":[{"embeddable":true,"href":"https:\/\/gruposeamaster-site.com.br\/logistica\/wp-json\/wp\/v2\/comments?post=216"}],"version-history":[{"count":19,"href":"https:\/\/gruposeamaster-site.com.br\/logistica\/wp-json\/wp\/v2\/pages\/216\/revisions"}],"predecessor-version":[{"id":1617,"href":"https:\/\/gruposeamaster-site.com.br\/logistica\/wp-json\/wp\/v2\/pages\/216\/revisions\/1617"}],"wp:attachment":[{"href":"https:\/\/gruposeamaster-site.com.br\/logistica\/wp-json\/wp\/v2\/media?parent=216"}],"curies":[{"name":"wp","href":"https:\/\/api.w.org\/{rel}","templated":true}]}}