{"id":256,"date":"2019-10-11T09:38:05","date_gmt":"2019-10-11T09:38:05","guid":{"rendered":"https:\/\/themes.jibdara.com\/albion\/?page_id=256"},"modified":"2021-07-15T11:17:41","modified_gmt":"2021-07-15T14:17:41","slug":"nossos-servicos","status":"publish","type":"page","link":"https:\/\/gruposeamaster-site.com.br\/logistica\/nossos-servicos\/","title":{"rendered":"NOSSOS SERVI\u00c7OS"},"content":{"rendered":"\t\t<div data-elementor-type=\"wp-page\" data-elementor-id=\"256\" class=\"elementor elementor-256\" data-elementor-settings=\"[]\">\n\t\t\t<div class=\"elementor-inner\">\n\t\t\t\t<div class=\"elementor-section-wrap\">\n\t\t\t\t\t\t\t<section class=\"elementor-element elementor-element-b6ba7c7 elementor-section-boxed elementor-section-height-default elementor-section-height-default elementor-section elementor-top-section\" data-id=\"b6ba7c7\" data-element_type=\"section\">\n\t\t\t\t\t\t<div class=\"elementor-container elementor-column-gap-default\">\n\t\t\t\t<div class=\"elementor-row\">\n\t\t\t\t<div class=\"elementor-element elementor-element-f691ae5 elementor-column elementor-col-100 elementor-top-column\" data-id=\"f691ae5\" data-element_type=\"column\">\n\t\t\t<div class=\"elementor-column-wrap  elementor-element-populated\">\n\t\t\t\t\t<div class=\"elementor-widget-wrap\">\n\t\t\t\t<div class=\"elementor-element elementor-element-eaa8255 elementor-widget elementor-widget-heading\" data-id=\"eaa8255\" data-element_type=\"widget\" data-widget_type=\"heading.default\">\n\t\t\t\t<div class=\"elementor-widget-container\">\n\t\t\t<h2 class=\"elementor-heading-title elementor-size-default\">NOSSOS SERVI\u00c7OS<\/h2>\t\t<\/div>\n\t\t\t\t<\/div>\n\t\t\t\t\t\t<\/div>\n\t\t\t<\/div>\n\t\t<\/div>\n\t\t\t\t\t\t<\/div>\n\t\t\t<\/div>\n\t\t<\/section>\n\t\t\t\t<section class=\"elementor-element elementor-element-7d150f0 elementor-section-stretched elementor-section-full_width elementor-section-height-default elementor-section-height-default elementor-section elementor-top-section\" data-id=\"7d150f0\" data-element_type=\"section\" data-settings=\"{&quot;stretch_section&quot;:&quot;section-stretched&quot;}\">\n\t\t\t\t\t\t<div class=\"elementor-container elementor-column-gap-no\">\n\t\t\t\t<div class=\"elementor-row\">\n\t\t\t\t<div class=\"elementor-element elementor-element-9b533ef elementor-column elementor-col-100 elementor-top-column\" data-id=\"9b533ef\" data-element_type=\"column\">\n\t\t\t<div class=\"elementor-column-wrap  elementor-element-populated\">\n\t\t\t\t\t<div class=\"elementor-widget-wrap\">\n\t\t\t\t<div class=\"elementor-element elementor-element-5e9592b elementor-widget elementor-widget-faq-widget\" data-id=\"5e9592b\" data-element_type=\"widget\" data-widget_type=\"faq-widget.default\">\n\t\t\t\t<div class=\"elementor-widget-container\">\n\t\t\t\r\n        <div class=\"faq-area ptb-110\">\r\n            <div class=\"container\">\r\n                <div class=\"row\">\r\n                    <div class=\"col-lg-6 col-md-12\">\r\n                        <div class=\"faq-accordion\">\r\n                            <ul class=\"accordion\">\r\n                                                                            <li class=\"accordion-item\">\r\n                                                <a class=\"accordion-title active\" href=\"javascript:void(0)\">TRANSPORTE DTC  <i class=\"fa fa-plus\"><\/i><\/a>\r\n                                                \r\n                                                <p class=\"accordion-content show\">Declara\u00e7\u00e3o de Tr\u00e2nsito de Container.<\/p>                                            <\/li>                                            <li class=\"accordion-item\">\r\n                                                <a class=\"accordion-title \" href=\"javascript:void(0)\">TRANSPORTE DTA  <i class=\"fa fa-plus\"><\/i><\/a>\r\n                                                \r\n                                                <p class=\"accordion-content\">Declara\u00e7\u00e3o de Tr\u00e2nsito Aduaneiro.<\/p>                                            <\/li>                                            <li class=\"accordion-item\">\r\n                                                <a class=\"accordion-title \" href=\"javascript:void(0)\">TRANSPORTE SPOT  <i class=\"fa fa-plus\"><\/i><\/a>\r\n                                                \r\n                                                <p class=\"accordion-content\">Opera\u00e7\u00e3o de servi\u00e7o em transporte de forma isolada, extraordin\u00e1ria, \u00fanica e a qual n\u00e3o se tem expectativa que possa voltar a acontecer futuramente, podendo ser realizada com ou sem a necessidade de contrato.<\/p>                                            <\/li>                                            <li class=\"accordion-item\">\r\n                                                <a class=\"accordion-title \" href=\"javascript:void(0)\">TRANSPORTE SPOT REGULAR <i class=\"fa fa-plus\"><\/i><\/a>\r\n                                                \r\n                                                <p class=\"accordion-content\">Opera\u00e7\u00e3o de servi\u00e7o de transporte em que o cliente possui frequ\u00eancia mensal em transportes, podendo ser realizada com ou sem a necessidade de contrato.<\/p>                                            <\/li>                                            <li class=\"accordion-item\">\r\n                                                <a class=\"accordion-title \" href=\"javascript:void(0)\">TRANSPORTE MIC-DTA <i class=\"fa fa-plus\"><\/i><\/a>\r\n                                                \r\n                                                <p class=\"accordion-content\">Manifesto Internacional de Carga em Declara\u00e7\u00e3o de Tr\u00e2nsito Aduaneiro.<\/p>                                            <\/li>                                            <li class=\"accordion-item\">\r\n                                                <a class=\"accordion-title \" href=\"javascript:void(0)\">TRANSPORTE SECOS <i class=\"fa fa-plus\"><\/i><\/a>\r\n                                                \r\n                                                <p class=\"accordion-content\">Opera\u00e7\u00e3o de transporte com ve\u00edculo espec\u00edfico para transporte de produtos secos.<\/p>                                            <\/li>                                            <li class=\"accordion-item\">\r\n                                                <a class=\"accordion-title \" href=\"javascript:void(0)\">TRANSPORTE MOLHADOS  <i class=\"fa fa-plus\"><\/i><\/a>\r\n                                                \r\n                                                <p class=\"accordion-content\">Opera\u00e7\u00e3o de transporte com ve\u00edculo espec\u00edfico para transporte de produtos congelados ou resfriados.<\/p>                                            <\/li>                                            <li class=\"accordion-item\">\r\n                                                <a class=\"accordion-title \" href=\"javascript:void(0)\">ROTAS CR\u00cdTICAS  <i class=\"fa fa-plus\"><\/i><\/a>\r\n                                                \r\n                                                <p class=\"accordion-content\">Opera\u00e7\u00e3o em que as rotas apresentam grande hist\u00f3rico de furtos, roubos, acidentes, entre outros.<\/p>                                            <\/li>                            <\/ul>\r\n                        <\/div>\r\n                    <\/div>\r\n\r\n                    <div class=\"col-lg-6 col-md-12\">\r\n                        <div class=\"faq-content\">\r\n                            <div class=\"section-title\">\r\n                                <span><\/span>\r\n                                                                                            <\/div>\r\n                            <div class=\"faq-image\">\r\n                                <img width=\"959\" height=\"800\" src=\"https:\/\/gruposeamaster-site.com.br\/logistica\/wp-content\/uploads\/2021\/07\/07-1.jpg\" class=\"attachment-full size-full\" alt=\"\" loading=\"lazy\" srcset=\"https:\/\/gruposeamaster-site.com.br\/logistica\/wp-content\/uploads\/2021\/07\/07-1.jpg 959w, https:\/\/gruposeamaster-site.com.br\/logistica\/wp-content\/uploads\/2021\/07\/07-1-300x250.jpg 300w, https:\/\/gruposeamaster-site.com.br\/logistica\/wp-content\/uploads\/2021\/07\/07-1-768x641.jpg 768w\" sizes=\"(max-width: 959px) 100vw, 959px\" \/>                            <\/div>\r\n                        <\/div>\r\n                    <\/div>\r\n\r\n                <\/div>\r\n            <\/div>\r\n        <\/div>\r\n    \t\t<\/div>\n\t\t\t\t<\/div>\n\t\t\t\t\t\t<\/div>\n\t\t\t<\/div>\n\t\t<\/div>\n\t\t\t\t\t\t<\/div>\n\t\t\t<\/div>\n\t\t<\/section>\n\t\t\t\t\t\t<\/div>\n\t\t\t<\/div>\n\t\t<\/div>\n\t\t","protected":false},"excerpt":{"rendered":"<p>NOSSOS SERVI\u00c7OS TRANSPORTE DTC Declara\u00e7\u00e3o de Tr\u00e2nsito de Container. TRANSPORTE DTA Declara\u00e7\u00e3o de Tr\u00e2nsito Aduaneiro. TRANSPORTE SPOT Opera\u00e7\u00e3o de servi\u00e7o em transporte de forma isolada, extraordin\u00e1ria, \u00fanica e a qual n\u00e3o se tem expectativa que possa voltar a acontecer futuramente, podendo ser realizada com ou sem a necessidade de contrato. TRANSPORTE SPOT REGULAR Opera\u00e7\u00e3o de<\/p>\n","protected":false},"author":1,"featured_media":0,"parent":0,"menu_order":0,"comment_status":"closed","ping_status":"closed","template":"","meta":[],"_links":{"self":[{"href":"https:\/\/gruposeamaster-site.com.br\/logistica\/wp-json\/wp\/v2\/pages\/256"}],"collection":[{"href":"https:\/\/gruposeamaster-site.com.br\/logistica\/wp-json\/wp\/v2\/pages"}],"about":[{"href":"https:\/\/gruposeamaster-site.com.br\/logistica\/wp-json\/wp\/v2\/types\/page"}],"author":[{"embeddable":true,"href":"https:\/\/gruposeamaster-site.com.br\/logistica\/wp-json\/wp\/v2\/users\/1"}],"replies":[{"embeddable":true,"href":"https:\/\/gruposeamaster-site.com.br\/logistica\/wp-json\/wp\/v2\/comments?post=256"}],"version-history":[{"count":10,"href":"https:\/\/gruposeamaster-site.com.br\/logistica\/wp-json\/wp\/v2\/pages\/256\/revisions"}],"predecessor-version":[{"id":1526,"href":"https:\/\/gruposeamaster-site.com.br\/logistica\/wp-json\/wp\/v2\/pages\/256\/revisions\/1526"}],"wp:attachment":[{"href":"https:\/\/gruposeamaster-site.com.br\/logistica\/wp-json\/wp\/v2\/media?parent=256"}],"curies":[{"name":"wp","href":"https:\/\/api.w.org\/{rel}","templated":true}]}}