{"id":273,"date":"2019-10-11T11:13:31","date_gmt":"2019-10-11T11:13:31","guid":{"rendered":"https:\/\/themes.jibdara.com\/albion\/?page_id=273"},"modified":"2021-05-06T14:33:25","modified_gmt":"2021-05-06T17:33:25","slug":"mercados-atendidos","status":"publish","type":"page","link":"https:\/\/gruposeamaster-site.com.br\/logistica\/mercados-atendidos\/","title":{"rendered":"MERCADOS ATENDIDOS"},"content":{"rendered":"\t\t<div data-elementor-type=\"wp-page\" data-elementor-id=\"273\" class=\"elementor elementor-273\" data-elementor-settings=\"[]\">\n\t\t\t<div class=\"elementor-inner\">\n\t\t\t\t<div class=\"elementor-section-wrap\">\n\t\t\t\t\t\t\t<section class=\"elementor-element elementor-element-c5a29aa elementor-section-boxed elementor-section-height-default elementor-section-height-default elementor-section elementor-top-section\" data-id=\"c5a29aa\" data-element_type=\"section\">\n\t\t\t\t\t\t<div class=\"elementor-container elementor-column-gap-default\">\n\t\t\t\t<div class=\"elementor-row\">\n\t\t\t\t<div class=\"elementor-element elementor-element-6778fe8 elementor-column elementor-col-50 elementor-top-column\" data-id=\"6778fe8\" data-element_type=\"column\">\n\t\t\t<div class=\"elementor-column-wrap  elementor-element-populated\">\n\t\t\t\t\t<div class=\"elementor-widget-wrap\">\n\t\t\t\t<div class=\"elementor-element elementor-element-a772281 elementor-widget elementor-widget-heading\" data-id=\"a772281\" data-element_type=\"widget\" data-widget_type=\"heading.default\">\n\t\t\t\t<div class=\"elementor-widget-container\">\n\t\t\t<h2 class=\"elementor-heading-title elementor-size-default\">SA\u00daDE<\/h2>\t\t<\/div>\n\t\t\t\t<\/div>\n\t\t\t\t<div class=\"elementor-element elementor-element-1038839 elementor-widget elementor-widget-text-editor\" data-id=\"1038839\" data-element_type=\"widget\" data-widget_type=\"text-editor.default\">\n\t\t\t\t<div class=\"elementor-widget-container\">\n\t\t\t\t\t<div class=\"elementor-text-editor elementor-clearfix\"><span style=\"font-size:22px;\">Expertise na opera\u00e7\u00e3o deste setor, que demanda controle de licen\u00e7as e documenta\u00e7\u00f5es a serem apresentados \u00e0 ANVISA para instru\u00e7\u00e3o do processo de despacho.<\/span><\/div>\n\t\t\t\t<\/div>\n\t\t\t\t<\/div>\n\t\t\t\t\t\t<\/div>\n\t\t\t<\/div>\n\t\t<\/div>\n\t\t\t\t<div class=\"elementor-element elementor-element-e0cc86b elementor-column elementor-col-50 elementor-top-column\" data-id=\"e0cc86b\" data-element_type=\"column\">\n\t\t\t<div class=\"elementor-column-wrap  elementor-element-populated\">\n\t\t\t\t\t<div class=\"elementor-widget-wrap\">\n\t\t\t\t<div class=\"elementor-element elementor-element-ba243c7 elementor-widget elementor-widget-image\" data-id=\"ba243c7\" data-element_type=\"widget\" data-widget_type=\"image.default\">\n\t\t\t\t<div class=\"elementor-widget-container\">\n\t\t\t\t\t<div class=\"elementor-image\">\n\t\t\t\t\t\t\t\t\t\t<img width=\"640\" height=\"277\" src=\"https:\/\/gruposeamaster-site.com.br\/logistica\/wp-content\/uploads\/2021\/05\/SAUDE-1.jpg\" class=\"attachment-large size-large\" alt=\"\" loading=\"lazy\" srcset=\"https:\/\/gruposeamaster-site.com.br\/logistica\/wp-content\/uploads\/2021\/05\/SAUDE-1.jpg 800w, https:\/\/gruposeamaster-site.com.br\/logistica\/wp-content\/uploads\/2021\/05\/SAUDE-1-300x130.jpg 300w, https:\/\/gruposeamaster-site.com.br\/logistica\/wp-content\/uploads\/2021\/05\/SAUDE-1-768x332.jpg 768w\" sizes=\"(max-width: 640px) 100vw, 640px\" \/>\t\t\t\t\t\t\t\t\t\t\t<\/div>\n\t\t\t\t<\/div>\n\t\t\t\t<\/div>\n\t\t\t\t\t\t<\/div>\n\t\t\t<\/div>\n\t\t<\/div>\n\t\t\t\t\t\t<\/div>\n\t\t\t<\/div>\n\t\t<\/section>\n\t\t\t\t<section class=\"elementor-element elementor-element-b4f3356 elementor-section-boxed elementor-section-height-default elementor-section-height-default elementor-section elementor-top-section\" data-id=\"b4f3356\" data-element_type=\"section\" data-settings=\"{&quot;background_background&quot;:&quot;classic&quot;}\">\n\t\t\t\t\t\t<div class=\"elementor-container elementor-column-gap-default\">\n\t\t\t\t<div class=\"elementor-row\">\n\t\t\t\t<div class=\"elementor-element elementor-element-cba602f elementor-column elementor-col-50 elementor-top-column\" data-id=\"cba602f\" data-element_type=\"column\">\n\t\t\t<div class=\"elementor-column-wrap  elementor-element-populated\">\n\t\t\t\t\t<div class=\"elementor-widget-wrap\">\n\t\t\t\t<div class=\"elementor-element elementor-element-5416ee4 elementor-widget elementor-widget-image\" data-id=\"5416ee4\" data-element_type=\"widget\" data-widget_type=\"image.default\">\n\t\t\t\t<div class=\"elementor-widget-container\">\n\t\t\t\t\t<div class=\"elementor-image\">\n\t\t\t\t\t\t\t\t\t\t<img width=\"640\" height=\"385\" src=\"https:\/\/gruposeamaster-site.com.br\/logistica\/wp-content\/uploads\/2021\/05\/ELETRONICOS-1.jpg\" class=\"attachment-large size-large\" alt=\"\" loading=\"lazy\" srcset=\"https:\/\/gruposeamaster-site.com.br\/logistica\/wp-content\/uploads\/2021\/05\/ELETRONICOS-1.jpg 800w, https:\/\/gruposeamaster-site.com.br\/logistica\/wp-content\/uploads\/2021\/05\/ELETRONICOS-1-300x180.jpg 300w, https:\/\/gruposeamaster-site.com.br\/logistica\/wp-content\/uploads\/2021\/05\/ELETRONICOS-1-768x462.jpg 768w\" sizes=\"(max-width: 640px) 100vw, 640px\" \/>\t\t\t\t\t\t\t\t\t\t\t<\/div>\n\t\t\t\t<\/div>\n\t\t\t\t<\/div>\n\t\t\t\t\t\t<\/div>\n\t\t\t<\/div>\n\t\t<\/div>\n\t\t\t\t<div class=\"elementor-element elementor-element-79e1a21 elementor-column elementor-col-50 elementor-top-column\" data-id=\"79e1a21\" data-element_type=\"column\">\n\t\t\t<div class=\"elementor-column-wrap  elementor-element-populated\">\n\t\t\t\t\t<div class=\"elementor-widget-wrap\">\n\t\t\t\t<div class=\"elementor-element elementor-element-e66fdf3 elementor-widget elementor-widget-heading\" data-id=\"e66fdf3\" data-element_type=\"widget\" data-widget_type=\"heading.default\">\n\t\t\t\t<div class=\"elementor-widget-container\">\n\t\t\t<h2 class=\"elementor-heading-title elementor-size-default\">ELETR\u00d4NICOS<\/h2>\t\t<\/div>\n\t\t\t\t<\/div>\n\t\t\t\t<div class=\"elementor-element elementor-element-8c611b4 elementor-widget elementor-widget-text-editor\" data-id=\"8c611b4\" data-element_type=\"widget\" data-widget_type=\"text-editor.default\">\n\t\t\t\t<div class=\"elementor-widget-container\">\n\t\t\t\t\t<div class=\"elementor-text-editor elementor-clearfix\"><span style=\"font-size: 22px;\">Opera\u00e7\u00e3o com produtos eletr\u00f4nicos, requer um controle log\u00edstico bem planejado e especializado.  <br \/>Atrav\u00e9s de uma equipe dedicada de especialistas em transporte de cargas sens\u00edveis \u00e9 poss\u00edvel garantir todos os cuidados espec\u00edficos para a movimenta\u00e7\u00e3o de itens altamente fr\u00e1geis. <\/span><\/div>\n\t\t\t\t<\/div>\n\t\t\t\t<\/div>\n\t\t\t\t\t\t<\/div>\n\t\t\t<\/div>\n\t\t<\/div>\n\t\t\t\t\t\t<\/div>\n\t\t\t<\/div>\n\t\t<\/section>\n\t\t\t\t<section class=\"elementor-element elementor-element-3192312 elementor-section-boxed elementor-section-height-default elementor-section-height-default elementor-section elementor-top-section\" data-id=\"3192312\" data-element_type=\"section\">\n\t\t\t\t\t\t<div class=\"elementor-container elementor-column-gap-default\">\n\t\t\t\t<div class=\"elementor-row\">\n\t\t\t\t<div class=\"elementor-element elementor-element-ffb0350 elementor-column elementor-col-50 elementor-top-column\" data-id=\"ffb0350\" data-element_type=\"column\">\n\t\t\t<div class=\"elementor-column-wrap  elementor-element-populated\">\n\t\t\t\t\t<div class=\"elementor-widget-wrap\">\n\t\t\t\t<div class=\"elementor-element elementor-element-8b83948 elementor-widget elementor-widget-heading\" data-id=\"8b83948\" data-element_type=\"widget\" data-widget_type=\"heading.default\">\n\t\t\t\t<div class=\"elementor-widget-container\">\n\t\t\t<h2 class=\"elementor-heading-title elementor-size-default\">AUTOMOTIVO<\/h2>\t\t<\/div>\n\t\t\t\t<\/div>\n\t\t\t\t<div class=\"elementor-element elementor-element-3d54d89 elementor-widget elementor-widget-text-editor\" data-id=\"3d54d89\" data-element_type=\"widget\" data-widget_type=\"text-editor.default\">\n\t\t\t\t<div class=\"elementor-widget-container\">\n\t\t\t\t\t<div class=\"elementor-text-editor elementor-clearfix\"><span style=\"font-size: 22px;\">Setor com extensa cadeia, indo de montadoras a fornecedoras, seja para linha pesada ou autom\u00f3veis.<\/span><\/div>\n\t\t\t\t<\/div>\n\t\t\t\t<\/div>\n\t\t\t\t\t\t<\/div>\n\t\t\t<\/div>\n\t\t<\/div>\n\t\t\t\t<div class=\"elementor-element elementor-element-7916279 elementor-column elementor-col-50 elementor-top-column\" data-id=\"7916279\" data-element_type=\"column\">\n\t\t\t<div class=\"elementor-column-wrap  elementor-element-populated\">\n\t\t\t\t\t<div class=\"elementor-widget-wrap\">\n\t\t\t\t<div class=\"elementor-element elementor-element-0afd669 elementor-widget elementor-widget-image\" data-id=\"0afd669\" data-element_type=\"widget\" data-widget_type=\"image.default\">\n\t\t\t\t<div class=\"elementor-widget-container\">\n\t\t\t\t\t<div class=\"elementor-image\">\n\t\t\t\t\t\t\t\t\t\t<img width=\"640\" height=\"276\" src=\"https:\/\/gruposeamaster-site.com.br\/logistica\/wp-content\/uploads\/2021\/05\/AUTOMOTIVO-1.jpg\" class=\"attachment-large size-large\" alt=\"\" loading=\"lazy\" srcset=\"https:\/\/gruposeamaster-site.com.br\/logistica\/wp-content\/uploads\/2021\/05\/AUTOMOTIVO-1.jpg 800w, https:\/\/gruposeamaster-site.com.br\/logistica\/wp-content\/uploads\/2021\/05\/AUTOMOTIVO-1-300x129.jpg 300w, https:\/\/gruposeamaster-site.com.br\/logistica\/wp-content\/uploads\/2021\/05\/AUTOMOTIVO-1-768x331.jpg 768w\" sizes=\"(max-width: 640px) 100vw, 640px\" \/>\t\t\t\t\t\t\t\t\t\t\t<\/div>\n\t\t\t\t<\/div>\n\t\t\t\t<\/div>\n\t\t\t\t\t\t<\/div>\n\t\t\t<\/div>\n\t\t<\/div>\n\t\t\t\t\t\t<\/div>\n\t\t\t<\/div>\n\t\t<\/section>\n\t\t\t\t<section class=\"elementor-element elementor-element-df382a9 elementor-section-boxed elementor-section-height-default elementor-section-height-default elementor-section elementor-top-section\" data-id=\"df382a9\" data-element_type=\"section\" data-settings=\"{&quot;background_background&quot;:&quot;classic&quot;}\">\n\t\t\t\t\t\t<div class=\"elementor-container elementor-column-gap-default\">\n\t\t\t\t<div class=\"elementor-row\">\n\t\t\t\t<div class=\"elementor-element elementor-element-c090325 elementor-column elementor-col-50 elementor-top-column\" data-id=\"c090325\" data-element_type=\"column\">\n\t\t\t<div class=\"elementor-column-wrap  elementor-element-populated\">\n\t\t\t\t\t<div class=\"elementor-widget-wrap\">\n\t\t\t\t<div class=\"elementor-element elementor-element-2b89f66 elementor-widget elementor-widget-image\" data-id=\"2b89f66\" data-element_type=\"widget\" data-widget_type=\"image.default\">\n\t\t\t\t<div class=\"elementor-widget-container\">\n\t\t\t\t\t<div class=\"elementor-image\">\n\t\t\t\t\t\t\t\t\t\t<img width=\"640\" height=\"334\" src=\"https:\/\/gruposeamaster-site.com.br\/logistica\/wp-content\/uploads\/2021\/05\/QUIMICOS-1.jpg\" class=\"attachment-large size-large\" alt=\"\" loading=\"lazy\" srcset=\"https:\/\/gruposeamaster-site.com.br\/logistica\/wp-content\/uploads\/2021\/05\/QUIMICOS-1.jpg 800w, https:\/\/gruposeamaster-site.com.br\/logistica\/wp-content\/uploads\/2021\/05\/QUIMICOS-1-300x157.jpg 300w, https:\/\/gruposeamaster-site.com.br\/logistica\/wp-content\/uploads\/2021\/05\/QUIMICOS-1-768x401.jpg 768w\" sizes=\"(max-width: 640px) 100vw, 640px\" \/>\t\t\t\t\t\t\t\t\t\t\t<\/div>\n\t\t\t\t<\/div>\n\t\t\t\t<\/div>\n\t\t\t\t\t\t<\/div>\n\t\t\t<\/div>\n\t\t<\/div>\n\t\t\t\t<div class=\"elementor-element elementor-element-bc51cca elementor-column elementor-col-50 elementor-top-column\" data-id=\"bc51cca\" data-element_type=\"column\">\n\t\t\t<div class=\"elementor-column-wrap  elementor-element-populated\">\n\t\t\t\t\t<div class=\"elementor-widget-wrap\">\n\t\t\t\t<div class=\"elementor-element elementor-element-4e95d5b elementor-widget elementor-widget-heading\" data-id=\"4e95d5b\" data-element_type=\"widget\" data-widget_type=\"heading.default\">\n\t\t\t\t<div class=\"elementor-widget-container\">\n\t\t\t<h2 class=\"elementor-heading-title elementor-size-default\">QU\u00cdMICOS<\/h2>\t\t<\/div>\n\t\t\t\t<\/div>\n\t\t\t\t<div class=\"elementor-element elementor-element-fc31581 elementor-widget elementor-widget-text-editor\" data-id=\"fc31581\" data-element_type=\"widget\" data-widget_type=\"text-editor.default\">\n\t\t\t\t<div class=\"elementor-widget-container\">\n\t\t\t\t\t<div class=\"elementor-text-editor elementor-clearfix\"><span style=\"font-size: 22px;\">Linha de produtos qu\u00edmicos que \u00e9 uma de nossas especialidades e requer uma aten\u00e7\u00e3o especial, pois muitos dos produtos s\u00e3o controlados e passam pela anu\u00eancia de \u00f3rg\u00e3os variados. <\/span><\/div>\n\t\t\t\t<\/div>\n\t\t\t\t<\/div>\n\t\t\t\t\t\t<\/div>\n\t\t\t<\/div>\n\t\t<\/div>\n\t\t\t\t\t\t<\/div>\n\t\t\t<\/div>\n\t\t<\/section>\n\t\t\t\t<section class=\"elementor-element elementor-element-de2ede7 elementor-section-boxed elementor-section-height-default elementor-section-height-default elementor-section elementor-top-section\" data-id=\"de2ede7\" data-element_type=\"section\">\n\t\t\t\t\t\t<div class=\"elementor-container elementor-column-gap-default\">\n\t\t\t\t<div class=\"elementor-row\">\n\t\t\t\t<div class=\"elementor-element elementor-element-f6376da elementor-column elementor-col-50 elementor-top-column\" data-id=\"f6376da\" data-element_type=\"column\">\n\t\t\t<div class=\"elementor-column-wrap  elementor-element-populated\">\n\t\t\t\t\t<div class=\"elementor-widget-wrap\">\n\t\t\t\t<div class=\"elementor-element elementor-element-d538c7f elementor-widget elementor-widget-heading\" data-id=\"d538c7f\" data-element_type=\"widget\" data-widget_type=\"heading.default\">\n\t\t\t\t<div class=\"elementor-widget-container\">\n\t\t\t<h2 class=\"elementor-heading-title elementor-size-default\">COSM\u00c9TICOS<\/h2>\t\t<\/div>\n\t\t\t\t<\/div>\n\t\t\t\t<div class=\"elementor-element elementor-element-f9fc8bb elementor-widget elementor-widget-text-editor\" data-id=\"f9fc8bb\" data-element_type=\"widget\" data-widget_type=\"text-editor.default\">\n\t\t\t\t<div class=\"elementor-widget-container\">\n\t\t\t\t\t<div class=\"elementor-text-editor elementor-clearfix\"><span style=\"font-size: 22px;\">Um mercado em expans\u00e3o no Brasil. <br \/>\nTemos expertise na log\u00edstica e transporte de cosm\u00e9ticos, em conformidade com a Anvisa.<\/span><\/div>\n\t\t\t\t<\/div>\n\t\t\t\t<\/div>\n\t\t\t\t\t\t<\/div>\n\t\t\t<\/div>\n\t\t<\/div>\n\t\t\t\t<div class=\"elementor-element elementor-element-c52a5fd elementor-column elementor-col-50 elementor-top-column\" data-id=\"c52a5fd\" data-element_type=\"column\">\n\t\t\t<div class=\"elementor-column-wrap  elementor-element-populated\">\n\t\t\t\t\t<div class=\"elementor-widget-wrap\">\n\t\t\t\t<div class=\"elementor-element elementor-element-95533b5 elementor-widget elementor-widget-image\" data-id=\"95533b5\" data-element_type=\"widget\" data-widget_type=\"image.default\">\n\t\t\t\t<div class=\"elementor-widget-container\">\n\t\t\t\t\t<div class=\"elementor-image\">\n\t\t\t\t\t\t\t\t\t\t<img width=\"640\" height=\"277\" src=\"https:\/\/gruposeamaster-site.com.br\/logistica\/wp-content\/uploads\/2021\/05\/COSMETICOS-1.jpg\" class=\"attachment-large size-large\" alt=\"\" loading=\"lazy\" srcset=\"https:\/\/gruposeamaster-site.com.br\/logistica\/wp-content\/uploads\/2021\/05\/COSMETICOS-1.jpg 800w, https:\/\/gruposeamaster-site.com.br\/logistica\/wp-content\/uploads\/2021\/05\/COSMETICOS-1-300x130.jpg 300w, https:\/\/gruposeamaster-site.com.br\/logistica\/wp-content\/uploads\/2021\/05\/COSMETICOS-1-768x332.jpg 768w\" sizes=\"(max-width: 640px) 100vw, 640px\" \/>\t\t\t\t\t\t\t\t\t\t\t<\/div>\n\t\t\t\t<\/div>\n\t\t\t\t<\/div>\n\t\t\t\t\t\t<\/div>\n\t\t\t<\/div>\n\t\t<\/div>\n\t\t\t\t\t\t<\/div>\n\t\t\t<\/div>\n\t\t<\/section>\n\t\t\t\t<section class=\"elementor-element elementor-element-1c28c28 elementor-section-boxed elementor-section-height-default elementor-section-height-default elementor-section elementor-top-section\" data-id=\"1c28c28\" data-element_type=\"section\" data-settings=\"{&quot;background_background&quot;:&quot;classic&quot;}\">\n\t\t\t\t\t\t<div class=\"elementor-container elementor-column-gap-default\">\n\t\t\t\t<div class=\"elementor-row\">\n\t\t\t\t<div class=\"elementor-element elementor-element-56a75dd elementor-column elementor-col-50 elementor-top-column\" data-id=\"56a75dd\" data-element_type=\"column\">\n\t\t\t<div class=\"elementor-column-wrap  elementor-element-populated\">\n\t\t\t\t\t<div class=\"elementor-widget-wrap\">\n\t\t\t\t<div class=\"elementor-element elementor-element-0b1d5e8 elementor-widget elementor-widget-image\" data-id=\"0b1d5e8\" data-element_type=\"widget\" data-widget_type=\"image.default\">\n\t\t\t\t<div class=\"elementor-widget-container\">\n\t\t\t\t\t<div class=\"elementor-image\">\n\t\t\t\t\t\t\t\t\t\t<img width=\"640\" height=\"261\" src=\"https:\/\/gruposeamaster-site.com.br\/logistica\/wp-content\/uploads\/2021\/05\/INDUSTRIA-1.jpg\" class=\"attachment-large size-large\" alt=\"\" loading=\"lazy\" srcset=\"https:\/\/gruposeamaster-site.com.br\/logistica\/wp-content\/uploads\/2021\/05\/INDUSTRIA-1.jpg 800w, https:\/\/gruposeamaster-site.com.br\/logistica\/wp-content\/uploads\/2021\/05\/INDUSTRIA-1-300x122.jpg 300w, https:\/\/gruposeamaster-site.com.br\/logistica\/wp-content\/uploads\/2021\/05\/INDUSTRIA-1-768x313.jpg 768w\" sizes=\"(max-width: 640px) 100vw, 640px\" \/>\t\t\t\t\t\t\t\t\t\t\t<\/div>\n\t\t\t\t<\/div>\n\t\t\t\t<\/div>\n\t\t\t\t\t\t<\/div>\n\t\t\t<\/div>\n\t\t<\/div>\n\t\t\t\t<div class=\"elementor-element elementor-element-29ed24e elementor-column elementor-col-50 elementor-top-column\" data-id=\"29ed24e\" data-element_type=\"column\">\n\t\t\t<div class=\"elementor-column-wrap  elementor-element-populated\">\n\t\t\t\t\t<div class=\"elementor-widget-wrap\">\n\t\t\t\t<div class=\"elementor-element elementor-element-2ad3e41 elementor-widget elementor-widget-heading\" data-id=\"2ad3e41\" data-element_type=\"widget\" data-widget_type=\"heading.default\">\n\t\t\t\t<div class=\"elementor-widget-container\">\n\t\t\t<h2 class=\"elementor-heading-title elementor-size-default\">IND\u00daSTRIA<\/h2>\t\t<\/div>\n\t\t\t\t<\/div>\n\t\t\t\t<div class=\"elementor-element elementor-element-602f60c elementor-widget elementor-widget-text-editor\" data-id=\"602f60c\" data-element_type=\"widget\" data-widget_type=\"text-editor.default\">\n\t\t\t\t<div class=\"elementor-widget-container\">\n\t\t\t\t\t<div class=\"elementor-text-editor elementor-clearfix\"><p><span style=\"font-size: 22px;\">Uma opera\u00e7\u00e3o que movimenta o mercado atrav\u00e9s da aquisi\u00e7\u00e3o de mat\u00e9rias primas e produtos intermedi\u00e1rios ou secund\u00e1rios para fins de produ\u00e7\u00e3o. <\/span><\/p><\/div>\n\t\t\t\t<\/div>\n\t\t\t\t<\/div>\n\t\t\t\t\t\t<\/div>\n\t\t\t<\/div>\n\t\t<\/div>\n\t\t\t\t\t\t<\/div>\n\t\t\t<\/div>\n\t\t<\/section>\n\t\t\t\t<section class=\"elementor-element elementor-element-3c0d3e9 elementor-section-boxed elementor-section-height-default elementor-section-height-default elementor-section elementor-top-section\" data-id=\"3c0d3e9\" data-element_type=\"section\">\n\t\t\t\t\t\t<div class=\"elementor-container elementor-column-gap-default\">\n\t\t\t\t<div class=\"elementor-row\">\n\t\t\t\t<div class=\"elementor-element elementor-element-1ff9cf4 elementor-column elementor-col-50 elementor-top-column\" data-id=\"1ff9cf4\" data-element_type=\"column\">\n\t\t\t<div class=\"elementor-column-wrap  elementor-element-populated\">\n\t\t\t\t\t<div class=\"elementor-widget-wrap\">\n\t\t\t\t<div class=\"elementor-element elementor-element-1ff0487 elementor-widget elementor-widget-heading\" data-id=\"1ff0487\" data-element_type=\"widget\" data-widget_type=\"heading.default\">\n\t\t\t\t<div class=\"elementor-widget-container\">\n\t\t\t<h2 class=\"elementor-heading-title elementor-size-default\">EQUIPAMENTOS<\/h2>\t\t<\/div>\n\t\t\t\t<\/div>\n\t\t\t\t<div class=\"elementor-element elementor-element-de3a8db elementor-widget elementor-widget-text-editor\" data-id=\"de3a8db\" data-element_type=\"widget\" data-widget_type=\"text-editor.default\">\n\t\t\t\t<div class=\"elementor-widget-container\">\n\t\t\t\t\t<div class=\"elementor-text-editor elementor-clearfix\"><span style=\"font-size: 22px;\">Um segmento muito importante no Brasil. \n<br \/>\nAtuamos com solu\u00e7\u00f5es log\u00edsticas integradas para o transporte de  equipamentos de pequeno e grande portes.<\/span><\/div>\n\t\t\t\t<\/div>\n\t\t\t\t<\/div>\n\t\t\t\t\t\t<\/div>\n\t\t\t<\/div>\n\t\t<\/div>\n\t\t\t\t<div class=\"elementor-element elementor-element-2aed13d elementor-column elementor-col-50 elementor-top-column\" data-id=\"2aed13d\" data-element_type=\"column\">\n\t\t\t<div class=\"elementor-column-wrap  elementor-element-populated\">\n\t\t\t\t\t<div class=\"elementor-widget-wrap\">\n\t\t\t\t<div class=\"elementor-element elementor-element-87ca78e elementor-widget elementor-widget-image\" data-id=\"87ca78e\" data-element_type=\"widget\" data-widget_type=\"image.default\">\n\t\t\t\t<div class=\"elementor-widget-container\">\n\t\t\t\t\t<div class=\"elementor-image\">\n\t\t\t\t\t\t\t\t\t\t<img width=\"640\" height=\"277\" src=\"https:\/\/gruposeamaster-site.com.br\/logistica\/wp-content\/uploads\/2021\/05\/EQUIPAMENTOS-1.jpg\" class=\"attachment-large size-large\" alt=\"\" loading=\"lazy\" srcset=\"https:\/\/gruposeamaster-site.com.br\/logistica\/wp-content\/uploads\/2021\/05\/EQUIPAMENTOS-1.jpg 800w, https:\/\/gruposeamaster-site.com.br\/logistica\/wp-content\/uploads\/2021\/05\/EQUIPAMENTOS-1-300x130.jpg 300w, https:\/\/gruposeamaster-site.com.br\/logistica\/wp-content\/uploads\/2021\/05\/EQUIPAMENTOS-1-768x332.jpg 768w\" sizes=\"(max-width: 640px) 100vw, 640px\" \/>\t\t\t\t\t\t\t\t\t\t\t<\/div>\n\t\t\t\t<\/div>\n\t\t\t\t<\/div>\n\t\t\t\t\t\t<\/div>\n\t\t\t<\/div>\n\t\t<\/div>\n\t\t\t\t\t\t<\/div>\n\t\t\t<\/div>\n\t\t<\/section>\n\t\t\t\t\t\t<\/div>\n\t\t\t<\/div>\n\t\t<\/div>\n\t\t","protected":false},"excerpt":{"rendered":"<p>SA\u00daDE Expertise na opera\u00e7\u00e3o deste setor, que demanda controle de licen\u00e7as e documenta\u00e7\u00f5es a serem apresentados \u00e0 ANVISA para instru\u00e7\u00e3o do processo de despacho. ELETR\u00d4NICOS Opera\u00e7\u00e3o com produtos eletr\u00f4nicos, requer um controle log\u00edstico bem planejado e especializado. Atrav\u00e9s de uma equipe dedicada de especialistas em transporte de cargas sens\u00edveis \u00e9 poss\u00edvel garantir todos os cuidados<\/p>\n","protected":false},"author":1,"featured_media":0,"parent":0,"menu_order":0,"comment_status":"closed","ping_status":"closed","template":"","meta":[],"_links":{"self":[{"href":"https:\/\/gruposeamaster-site.com.br\/logistica\/wp-json\/wp\/v2\/pages\/273"}],"collection":[{"href":"https:\/\/gruposeamaster-site.com.br\/logistica\/wp-json\/wp\/v2\/pages"}],"about":[{"href":"https:\/\/gruposeamaster-site.com.br\/logistica\/wp-json\/wp\/v2\/types\/page"}],"author":[{"embeddable":true,"href":"https:\/\/gruposeamaster-site.com.br\/logistica\/wp-json\/wp\/v2\/users\/1"}],"replies":[{"embeddable":true,"href":"https:\/\/gruposeamaster-site.com.br\/logistica\/wp-json\/wp\/v2\/comments?post=273"}],"version-history":[{"count":14,"href":"https:\/\/gruposeamaster-site.com.br\/logistica\/wp-json\/wp\/v2\/pages\/273\/revisions"}],"predecessor-version":[{"id":1320,"href":"https:\/\/gruposeamaster-site.com.br\/logistica\/wp-json\/wp\/v2\/pages\/273\/revisions\/1320"}],"wp:attachment":[{"href":"https:\/\/gruposeamaster-site.com.br\/logistica\/wp-json\/wp\/v2\/media?parent=273"}],"curies":[{"name":"wp","href":"https:\/\/api.w.org\/{rel}","templated":true}]}}